{"id":228,"date":"2017-12-20T11:17:56","date_gmt":"2017-12-20T10:17:56","guid":{"rendered":"http:\/\/iss.strony.uw.edu.pl\/?page_id=228"},"modified":"2024-05-09T15:00:47","modified_gmt":"2024-05-09T13:00:47","slug":"programy-badawcze","status":"publish","type":"page","link":"http:\/\/iss.uw.edu.pl\/en\/programy-badawcze\/","title":{"rendered":"Research programmes"},"content":{"rendered":"<p><span class=\"su-highlight\" style=\"background:#00a1e0;color:#fffffc\">&nbsp;WVS&nbsp;<\/span> <strong>\u2013 <a href=\"http:\/\/iss.uw.edu.pl\/world-values-survey-wvs\/\">World Values Survey<\/a><\/strong><br \/>\nRealizacja polskiej fali badania WVS w ramach projektu \u201eKszta\u0142towanie si\u0119 spo\u0142ecze\u0144stwa obywatelskiego a spo\u0142eczne zaanga\u017cowanie i jego uwarunkowania w Polsce w perspektywie por\u00f3wna\u0144 mi\u0119dzykulturowych. Kierunki zmian i ich dynamika (kontynuacja udzia\u0142u w projekcie WVS)\u201d pod kierownictwem prof. dr hab. Renaty Siemie\u0144skiej we wsp\u00f3\u0142pracy z dr Ann\u0105 Domaradzk\u0105.<\/p>\n<p><span class=\"su-highlight\" style=\"background:#00a1e0;color:#fffffc\">&nbsp;ISSP&nbsp;<\/span> <strong>\u2013 <a href=\"http:\/\/iss.uw.edu.pl\/osrodek-metodologii#ISSP\">International Social Survey Programme<\/a><\/strong><br \/>\nInternational Social Survey Programme (ISSP) jest mi\u0119dzynarodowym programem badawczym obejmuj\u0105cym r\u00f3\u017cnorodn\u0105 tematyk\u0119 z zakresu nauk spo\u0142ecznych, prowadzonym od 1985, do kt\u00f3rego Polska przyst\u0105pi\u0142a w 1992 roku. Obecnie w programie uczestniczy 45 kraj\u00f3w z Europy, Azji, Afryki, Ameryki P\u00f3\u0142nocnej, Ameryki Po\u0142udniowej i Australii. Od 1992 roku Polsk\u0119 reprezentuje Instytut Studi\u00f3w Spo\u0142ecznych im. Profesora Roberta B. Zajonca, Uniwersytet Warszawski.<\/p>\n<p><span class=\"su-highlight\" style=\"background:#00a1e0;color:#fffffc\">&nbsp;PGSS&nbsp;<\/span> <strong>\u2013 <a href=\"http:\/\/iss.uw.edu.pl\/osrodek-metodologii#PGSS\">Polski Generalny Sonda\u017c Spo\u0142eczny<\/a><\/strong><br \/>\nPolski Generalny Sonda\u017c Spo\u0142eczny (PGSS) jest od 1992 roku cyklicznym programem bada\u0144 ISS UW.<br \/>\nCelem PGSS jest systematyczne monitorowanie trend\u00f3w i skutk\u00f3w zmian spo\u0142ecznych w Polsce w tym tak\u017ce z mi\u0119dzynarodowej perspektywy por\u00f3wnawczej. Problematyka PGSS obejmuje badanie indywidualnych postaw, cenionych warto\u015bci, orientacji i zachowa\u0144 spo\u0142ecznych, jak r\u00f3wnie\u017c systematyczny pomiar zr\u00f3\u017cnicowania spo\u0142eczno-demograficznego, zawodowego, edukacyjnego i ekonomicznego reprezentatywnych grup i warstw spo\u0142ecznych w Polsce. Cykl powtarzania bada\u0144, zachowuj\u0105cych por\u00f3wnywalne standardy metodologiczne i identyczne wska\u017aniki, umo\u017cliwia systematyczn\u0105 analiz\u0119 trend\u00f3w spo\u0142ecznych. Pod tym wzgl\u0119dem PGSS by\u0142 do 2010 roku jedynym powtarzalnym programem badania zmian systemowych w Polsce.<br \/>\nIstotnym celem programu jest niekomercyjne udost\u0119pnianie zbior\u00f3w danych i dokumentacji metodologicznej PGSS spo\u0142eczno\u015bci badaczy i studentom z nauk spo\u0142ecznych w Polsce oraz ka\u017cdej zainteresowanej osobie i instytucji.<\/p>","protected":false},"excerpt":{"rendered":"<p>\u2013 World Values Survey Realizacja polskiej fali badania WVS w ramach projektu \u201eKszta\u0142towanie si\u0119 spo\u0142ecze\u0144stwa obywatelskiego a spo\u0142eczne zaanga\u017cowanie i jego uwarunkowania w Polsce w perspektywie por\u00f3wna\u0144 mi\u0119dzykulturowych. Kierunki zmian i ich dynamika (kontynuacja udzia\u0142u w projekcie WVS)\u201d pod kierownictwem prof. dr hab. Renaty Siemie\u0144skiej we wsp\u00f3\u0142pracy z dr Ann\u0105 Domaradzk\u0105. \u2013 International Social Survey Programme International Social Survey Programme (ISSP) jest mi\u0119dzynarodowym programem badawczym obejmuj\u0105cym r\u00f3\u017cnorodn\u0105 tematyk\u0119 z zakresu [&hellip;]<\/p>\n","protected":false},"author":761,"featured_media":0,"parent":0,"menu_order":0,"comment_status":"closed","ping_status":"closed","template":"","meta":{"_links_to":"","_links_to_target":""},"acf":[],"_links":{"self":[{"href":"http:\/\/iss.uw.edu.pl\/en\/wp-json\/wp\/v2\/pages\/228"}],"collection":[{"href":"http:\/\/iss.uw.edu.pl\/en\/wp-json\/wp\/v2\/pages"}],"about":[{"href":"http:\/\/iss.uw.edu.pl\/en\/wp-json\/wp\/v2\/types\/page"}],"author":[{"embeddable":true,"href":"http:\/\/iss.uw.edu.pl\/en\/wp-json\/wp\/v2\/users\/761"}],"replies":[{"embeddable":true,"href":"http:\/\/iss.uw.edu.pl\/en\/wp-json\/wp\/v2\/comments?post=228"}],"version-history":[{"count":8,"href":"http:\/\/iss.uw.edu.pl\/en\/wp-json\/wp\/v2\/pages\/228\/revisions"}],"predecessor-version":[{"id":12302,"href":"http:\/\/iss.uw.edu.pl\/en\/wp-json\/wp\/v2\/pages\/228\/revisions\/12302"}],"wp:attachment":[{"href":"http:\/\/iss.uw.edu.pl\/en\/wp-json\/wp\/v2\/media?parent=228"}],"curies":[{"name":"wp","href":"https:\/\/api.w.org\/{rel}","templated":true}]}}