{"id":290,"date":"2018-01-08T11:05:16","date_gmt":"2018-01-08T10:05:16","guid":{"rendered":"http:\/\/iss.strony.uw.edu.pl\/?page_id=290"},"modified":"2018-10-10T13:38:49","modified_gmt":"2018-10-10T11:38:49","slug":"program-studiow-doktoranckich","status":"publish","type":"page","link":"http:\/\/iss.uw.edu.pl\/en\/program-studiow-doktoranckich\/","title":{"rendered":"Program studi\u00f3w doktoranckich"},"content":{"rendered":"<p class=\"qtranxs-available-languages-message qtranxs-available-languages-message-en\"><a href=\"http:\/\/iss.uw.edu.pl\/pl\/wp-json\/wp\/v2\/pages\/290\" class=\"qtranxs-available-language-link qtranxs-available-language-link-pl\" title=\"Polski\">Polish<\/a> For the sake of viewer convenience, the content is shown below in the alternative language. You may click the link to switch the active language.<\/p><p><a href=\"http:\/\/193.0.101.165\/studia-doktoranckie\/aaMISD_26-11-2012_ZMIANA_porozum_WFiS.doc\">Program studi\u00f3w doktoranckich do pobrania 2012<\/a><\/p>\n<p><a href=\"http:\/\/193.0.101.165\/studia-doktoranckie\/AA_ISS-SD-09-06-2014.doc\">Program studi\u00f3w doktoranckich do pobrania obowi\u0105zuj\u0105cy od 2014 r.<\/a><\/p>\n<p>Inne:<\/p>\n<p><a href=\"http:\/\/iss.uw.edu.pl\/wp-content\/uploads\/sites\/286\/2018\/10\/ISS_dla_najlepszych_2018-2019_zatwierdzone.pdf\">SZCZEG\u00d3\u0141OWE ZASADY OCENY WNIOSK\u00d3W O PRZYZNANIE STYPENDIUM DLA\u00a0NAJLEPSZYCH DOKTORANT\u00d3W NA MI\u0118DZYWYDZIA\u0141OWYCH \u015aRODOWISKOWYCH\u00a0STUDIACH DOKTORANCKICH PRZY WYDZIALE FILOZOFII I SOCJOLOGII<\/a><\/p>\n<p><a href=\"http:\/\/iss.uw.edu.pl\/wp-content\/uploads\/sites\/286\/2018\/10\/ISS_doktoranckie_2018-2019_zatwierdzone.pdf\">SZCZEG\u00d3\u0141OWE ZASADY OCENY WNIOSK\u00d3W O PRZYZNANIE STYPENDIUM DOKTORANCKIEGO NA MI\u0118DZYWYDZIA\u0141OWYCH \u015aRODOWISKOWYCH STUDIACH DOKTORANCKICH PRZY WYDZIALE FILOZOFII I SOCJOLOGII<\/a><\/p>\n<p><a href=\"http:\/\/iss.uw.edu.pl\/wp-content\/uploads\/sites\/286\/2018\/10\/ISS_zwiekszenie_2018-2019_zatwierdzone.pdf\">SZCZEG\u00d3\u0141OWE ZASADY OCENY WNIOSK\u00d3W O PRZYZNANIE ZWI\u0118KSZENIA STYPENDIUM DOKTORANCKIEGO NA MI\u0118DZYWYDZIA\u0141OWYCH \u015aRODOWISKOWYCH STUDIACH DOKTORANCKICH PRZY WYDZIALE FILOZOFII I SOCJOLOGII<\/a><\/p>","protected":false},"excerpt":{"rendered":"<p>Polish For the sake of viewer convenience, the content is shown below in the alternative language. You may click the link to switch the active language.Program studi\u00f3w doktoranckich do pobrania 2012 Program studi\u00f3w doktoranckich do pobrania obowi\u0105zuj\u0105cy od 2014 r. Inne: SZCZEG\u00d3\u0141OWE ZASADY OCENY WNIOSK\u00d3W O PRZYZNANIE STYPENDIUM DLA\u00a0NAJLEPSZYCH DOKTORANT\u00d3W NA MI\u0118DZYWYDZIA\u0141OWYCH \u015aRODOWISKOWYCH\u00a0STUDIACH DOKTORANCKICH PRZY WYDZIALE FILOZOFII I SOCJOLOGII SZCZEG\u00d3\u0141OWE ZASADY OCENY WNIOSK\u00d3W O PRZYZNANIE STYPENDIUM DOKTORANCKIEGO NA MI\u0118DZYWYDZIA\u0141OWYCH \u015aRODOWISKOWYCH [&hellip;]<\/p>\n","protected":false},"author":761,"featured_media":0,"parent":0,"menu_order":0,"comment_status":"closed","ping_status":"closed","template":"","meta":{"_links_to":"","_links_to_target":""},"acf":[],"_links":{"self":[{"href":"http:\/\/iss.uw.edu.pl\/en\/wp-json\/wp\/v2\/pages\/290"}],"collection":[{"href":"http:\/\/iss.uw.edu.pl\/en\/wp-json\/wp\/v2\/pages"}],"about":[{"href":"http:\/\/iss.uw.edu.pl\/en\/wp-json\/wp\/v2\/types\/page"}],"author":[{"embeddable":true,"href":"http:\/\/iss.uw.edu.pl\/en\/wp-json\/wp\/v2\/users\/761"}],"replies":[{"embeddable":true,"href":"http:\/\/iss.uw.edu.pl\/en\/wp-json\/wp\/v2\/comments?post=290"}],"version-history":[{"count":4,"href":"http:\/\/iss.uw.edu.pl\/en\/wp-json\/wp\/v2\/pages\/290\/revisions"}],"predecessor-version":[{"id":8719,"href":"http:\/\/iss.uw.edu.pl\/en\/wp-json\/wp\/v2\/pages\/290\/revisions\/8719"}],"wp:attachment":[{"href":"http:\/\/iss.uw.edu.pl\/en\/wp-json\/wp\/v2\/media?parent=290"}],"curies":[{"name":"wp","href":"https:\/\/api.w.org\/{rel}","templated":true}]}}