{"id":312,"date":"2018-01-08T11:24:59","date_gmt":"2018-01-08T10:24:59","guid":{"rendered":"http:\/\/iss.strony.uw.edu.pl\/?page_id=312"},"modified":"2020-04-06T23:05:58","modified_gmt":"2020-04-06T21:05:58","slug":"consortium-discourse-analysis","status":"publish","type":"page","link":"http:\/\/iss.uw.edu.pl\/en\/consortium-discourse-analysis\/","title":{"rendered":"Consortium Discourse Analysis"},"content":{"rendered":"<p><strong>Konsorcjum Naukowe \u201eAnaliza Dyskursu\u201d<\/strong> obejmuje 18 jednostek organizacyjnych jedenastu wiod\u0105cych o\u015brodk\u00f3w akademickich w kraju: Uniwersytetu \u0141\u00f3dzkiego, Uniwersytetu Warszawskiego, Uniwersytetu Wroc\u0142awskiego, Szko\u0142y Wy\u017cszej Psychologii Spo\u0142ecznej, Uniwersytetu Jagiello\u0144skiego, Uniwersytetu im. Adama Mickiewicza w Poznaniu, Uniwersytetu Ekonomicznego w Poznaniu, Uniwersytetu Gda\u0144skiego, Dolno\u015bl\u0105skiej Szko\u0142y Wy\u017cszej we Wroc\u0142awiu, Uniwersytetu Opolskiego oraz Szko\u0142y G\u0142\u00f3wnej Gospodarstwa Wiejskiego. Cz\u0142onkiem Konsorcjum jest tak\u017ce Wydawnictwo Akademickie Sedno w Warszawie. Niezb\u0119dne formalno\u015bci dope\u0142nione zosta\u0142y w lutym 2012 roku i od tego momentu Konsorcjum mo\u017ce podejmowa\u0107 wsp\u00f3lne inicjatywy.<\/p>\n<p>Siedzib\u0105 Konsorcjum jest Instytut Socjologii Uniwersytetu \u0141\u00f3dzkiego, a jego koordynatorem \u2013 Uniwersytet \u0141\u00f3dzki.\u00a0<strong>Przedstawicielem ISS UW w konsorcjum jest\u00a0\u00a0<a title=\"dr hab. Tomasz Zarycki, prof. UW\" href=\"\/?page_id=2391\">Tomasz Zarycki<\/a><\/strong>.\u00a0Celem Konsorcjum jest intensyfikacja wsp\u00f3\u0142pracy mi\u0119dzy r\u00f3\u017cnymi o\u015brodkami badawczymi w Polsce oraz mi\u0119dzy r\u00f3\u017cnymi dyscyplinami, zajmuj\u0105cymi si\u0119 dyskursem. Interdyscyplinarna \u2013 a w planach transdyscyplinarna \u2013 wsp\u00f3\u0142praca ma s\u0142u\u017cy\u0107 wypracowaniu wsp\u00f3lnych poj\u0119\u0107 i definicji, zweryfikowaniu przydatno\u015bci metod i technik badawczych oraz pog\u0142\u0119bieniu diagnozy r\u00f3\u017cnorodnych zjawisk spo\u0142ecznych. Konsorcjum ma wzmocni\u0107 potencja\u0142 naukowo-badawczy i dydaktyczny jednostek organizacyjnych w zakresie wsp\u00f3lnych bada\u0144 naukowych i przedsi\u0119wzi\u0119\u0107.<\/p>\n<p>&nbsp;<\/p>\n<p>&nbsp;<\/p>","protected":false},"excerpt":{"rendered":"<p>Konsorcjum Naukowe \u201eAnaliza Dyskursu\u201d obejmuje 18 jednostek organizacyjnych jedenastu wiod\u0105cych o\u015brodk\u00f3w akademickich w kraju: Uniwersytetu \u0141\u00f3dzkiego, Uniwersytetu Warszawskiego, Uniwersytetu Wroc\u0142awskiego, Szko\u0142y Wy\u017cszej Psychologii Spo\u0142ecznej, Uniwersytetu Jagiello\u0144skiego, Uniwersytetu im. Adama Mickiewicza w Poznaniu, Uniwersytetu Ekonomicznego w Poznaniu, Uniwersytetu Gda\u0144skiego, Dolno\u015bl\u0105skiej Szko\u0142y Wy\u017cszej we Wroc\u0142awiu, Uniwersytetu Opolskiego oraz Szko\u0142y G\u0142\u00f3wnej Gospodarstwa Wiejskiego. Cz\u0142onkiem Konsorcjum jest tak\u017ce Wydawnictwo Akademickie Sedno w Warszawie. Niezb\u0119dne formalno\u015bci dope\u0142nione zosta\u0142y w lutym 2012 roku i od tego [&hellip;]<\/p>\n","protected":false},"author":761,"featured_media":0,"parent":0,"menu_order":0,"comment_status":"closed","ping_status":"closed","template":"","meta":{"_links_to":"","_links_to_target":""},"acf":[],"_links":{"self":[{"href":"http:\/\/iss.uw.edu.pl\/en\/wp-json\/wp\/v2\/pages\/312"}],"collection":[{"href":"http:\/\/iss.uw.edu.pl\/en\/wp-json\/wp\/v2\/pages"}],"about":[{"href":"http:\/\/iss.uw.edu.pl\/en\/wp-json\/wp\/v2\/types\/page"}],"author":[{"embeddable":true,"href":"http:\/\/iss.uw.edu.pl\/en\/wp-json\/wp\/v2\/users\/761"}],"replies":[{"embeddable":true,"href":"http:\/\/iss.uw.edu.pl\/en\/wp-json\/wp\/v2\/comments?post=312"}],"version-history":[{"count":3,"href":"http:\/\/iss.uw.edu.pl\/en\/wp-json\/wp\/v2\/pages\/312\/revisions"}],"predecessor-version":[{"id":9721,"href":"http:\/\/iss.uw.edu.pl\/en\/wp-json\/wp\/v2\/pages\/312\/revisions\/9721"}],"wp:attachment":[{"href":"http:\/\/iss.uw.edu.pl\/en\/wp-json\/wp\/v2\/media?parent=312"}],"curies":[{"name":"wp","href":"https:\/\/api.w.org\/{rel}","templated":true}]}}