{"id":522,"date":"2018-02-07T11:53:31","date_gmt":"2018-02-07T10:53:31","guid":{"rendered":"http:\/\/iss.strony.uw.edu.pl\/?page_id=522"},"modified":"2020-04-15T12:31:08","modified_gmt":"2020-04-15T10:31:08","slug":"renata-siemienska","status":"publish","type":"page","link":"http:\/\/iss.uw.edu.pl\/en\/renata-siemienska\/","title":{"rendered":"Renata Siemie\u0144ska"},"content":{"rendered":"<p><span style=\"font-family: georgia, palatino, serif\"><div class=\"su-box su-box-style-soft\" id=\"\" style=\"border-color:#000000;border-radius:3px\"><div class=\"su-box-title\" style=\"background-color:#333333;color:#FFFFFF;border-top-left-radius:1px;border-top-right-radius:1px\">prof. dr hab. Renata Siemie\u0144ska<\/div><div class=\"su-box-content su-u-clearfix su-u-trim\" style=\"border-bottom-left-radius:1px;border-bottom-right-radius:1px\"><\/span><\/p>\n<p><span style=\"font-family: georgia, palatino, serif\"><img loading=\"lazy\" class=\"size-full wp-image-525 alignleft\" src=\"http:\/\/iss.uw.edu.pl\/wp-content\/uploads\/sites\/286\/2018\/02\/RSiemienska.png\" alt=\"\" width=\"202\" height=\"200\" srcset=\"http:\/\/iss.uw.edu.pl\/wp-content\/uploads\/sites\/286\/2018\/02\/RSiemienska.png 202w, http:\/\/iss.uw.edu.pl\/wp-content\/uploads\/sites\/286\/2018\/02\/RSiemienska-150x150.png 150w\" sizes=\"(max-width: 202px) 100vw, 202px\" \/><\/span><\/p>\n<h6><span style=\"font-family: georgia, palatino, serif\">POSITION<\/span><\/h6>\n<p><span style=\"font-family: georgia, palatino, serif\">Head of the <a href=\"http:\/\/iss.uw.edu.pl\/en\/osrodek-badan-nad-spolecznymi-problemami-plci\/\">Center of Interdyscyplinarny Gender Studies<\/a><\/span><\/p>\n<h6><span style=\"font-family: georgia, palatino, serif\">RESEARCH INTERESTS<\/span><\/h6>\n<p><span style=\"font-family: georgia, palatino, serif\">Gender sociology, sociology of higher education, welfare systems, social geography<\/span><\/p>\n<p><span style=\"font-family: georgia, palatino, serif\">siemiens(a)post.pl<\/span><\/p>\n<p><span style=\"font-family: georgia, palatino, serif\"><a href=\"http:\/\/193.0.101.165\/cv\/CV-EU-20.03.2014-Siemienska-Zochowska.pdf\" class=\"su-button su-button-style-default\" style=\"color:#FFFFFF;background-color:#2D89EF;border-color:#246ec0;border-radius:5px;-moz-border-radius:5px;-webkit-border-radius:5px\" target=\"__blank\"><span style=\"color:#FFFFFF;padding:0px 16px;font-size:13px;line-height:26px;border-color:#6cadf4;border-radius:5px;-moz-border-radius:5px;-webkit-border-radius:5px;text-shadow:none;-moz-text-shadow:none;-webkit-text-shadow:none\"> CV ENG<\/span><\/a><\/span><\/p>\n<p><span style=\"font-family: georgia, palatino, serif\"><\/div><\/div><\/span><\/p>\n<h4><span style=\"font-family: georgia, palatino, serif\">EDUCATION<\/span><\/h4>\n<p><span style=\"font-family: georgia, palatino, serif\">1991 Full Professor in sociology, University of Warsaw<\/span><\/p>\n<p><span style=\"font-family: georgia, palatino, serif\">1977 Habilitation in sociology, University of Warsaw<\/span><\/p>\n<p><span style=\"font-family: georgia, palatino, serif\">1969 PhD in sociology, Jagiellonian University, Cracow<\/span><\/p>\n<p><span style=\"font-family: georgia, palatino, serif\">1962 MA in sociology, Jagiellonian University, Cracow<\/span><\/p>\n<p><span style=\"font-family: georgia, palatino, serif\">1961 MA in geography, Jagiellonian University, Cracow<\/span><\/p>\n<h4><span style=\"font-family: georgia, palatino, serif\">PRESENT AND FORMER POSITIONS<\/span><\/h4>\n<p><span style=\"font-family: georgia, palatino, serif\">The Chairholder of the UNESCO Chair \u201eWomen, Society, Development\u201d, University of Warsaw, Warsaw (since 1996)<\/span><\/p>\n<p><span style=\"font-family: georgia, palatino, serif\">Head of the Center of Interdisciplinary Gender Studies, Institute for Social Studies, Warsaw University (affiliated to University of Michigan, Ann Arbor, USA) (since 1996)<\/span><\/p>\n<p><span style=\"font-family: georgia, palatino, serif\">Professor of the Institute of Sociology, University of Warsaw, Warsaw (1965-2014)<\/span><\/p>\n<p><span style=\"font-family: georgia, palatino, serif\">Professor and head of the Dept. of Sociology of Social Change, Grzegorzewska Academy of Special Education, Warsaw (since 2010)<\/span><\/p>\n<p><span style=\"font-family: georgia, palatino, serif\">Member of the Steering Group of the Northern Dimension Institute (NDI SG) (NDI SG consists of 15-18 representatives of universities and research institutes from the EU, Russia, Norway and Iceland, as well as representatives from the Northern Dimension Partnerships) (2010-2012)<\/span><\/p>\n<p><span style=\"font-family: georgia, palatino, serif\">Member of the Advisory Scientific Board of the World Values Survey Association<\/span><\/p>\n<p><span style=\"font-family: georgia, palatino, serif\">Member of the Advisory Scientific Board of COPE: &#8220;Combating Poverty in Europe. Re\u2010organising Active Inclusion through Participatory and Integrated Modes of Multilevel Governance&#8221;, Coordinating Organisation: CARL VON OSSIETZKY UNIVERSITAET OLDENBURG (CETRO)<\/span><\/p>\n<p><span style=\"font-family: georgia, palatino, serif\">Member of the Advisory Scientific Board of GendPORT (Gender and Science), coordinator Open Catalunya University, Spain<\/span><\/p>\n<p><span style=\"font-family: georgia, palatino, serif\">Director of the Institute for Social Studies, University of Warsaw (2002-2012) (affiliated with the University of Michigan, USA)<\/span><\/p>\n<h4><span style=\"font-family: georgia, palatino, serif\">RESEARCH<\/span><\/h4>\n<p><span style=\"font-family: georgia, palatino, serif\">2013-2015 &#8211; Expert, head of the WP1 and WP2 in research team conducting the international project <strong>GendEQU<\/strong> &#8220;Gender Equality at the University&#8221;, financed from Norway Grant, Faculty of Economics &amp; Institute for Social Studies, University of Warsaw. <a href=\"http:\/\/grape.uw.edu.pl\/gendequ\/\">http:\/\/grape.uw.edu.pl\/gendequ\/<\/a><\/span><\/p>\n<p><span style=\"font-family: georgia, palatino, serif\">2010-2013 \u2013 Expert, head of the Polish research team in the international project <strong>WILCO<\/strong> &#8220;Welfare Innovations at the Local level in favour of Cohesion&#8221;, financed from 7th Framework Program, Institute for Social Studies, University of Warsaw. <a href=\"http:\/\/www.wilcoproject.eu\/\">http:\/\/www.wilcoproject.eu\/<\/a><\/span><\/p>\n<p><span style=\"font-family: georgia, palatino, serif\">2007\/2008 and 2013 \u2013 Member of the scientific team conducting the international project &#8220;<strong>Future of European Welfare Systems<\/strong>&#8221; (analysis of Polish welfare system, preparation of the handbook chapter).<\/span><\/p>\n<p><span style=\"font-family: georgia, palatino, serif\">Since 1988 \u2013 Head of Polish World Values Survey team, member of steering committee (coordinated by R. Inglehart &#8211; University of Michigan &#8211; USA), Institute for Social Studies, University of Warsaw.<\/span><\/p>\n<p><span style=\"font-family: georgia, palatino, serif\">2010-2011 \u2013 Expert, head of the Polish team taking part in international project &#8220;WORKCARE Synergies \u2013 Findings from EU research&#8221;, financed from 7th Framework Program, Institute for Social Studies, University of Warsaw. <a href=\"http:\/\/workcaresynergies.eu\/\">http:\/\/workcaresynergies.eu\/<\/a><\/span><\/p>\n<p><span style=\"font-family: georgia, palatino, serif\">2007-2011 \u2013 Expert in project European Network of Excellence on Reconciling Work and Welfare (RECWOWE).<\/span><\/p>\n<p><span style=\"font-family: georgia, palatino, serif\">2009 \u2013 Expert, head of the Polish team in the international project &#8220;EFELSE \u2013 Evaluation Framework for the Evolution of LLL Strategies in Europe&#8221;, LIFELONG LEARNING PROGRAMME 2007-2013, Institute for Social Studies, University of Warsaw. <a href=\"http:\/\/efelse.iacm.forth.gr\/\">http:\/\/efelse.iacm.forth.gr\/<\/a><\/span><\/p>\n<p><span style=\"font-family: georgia, palatino, serif\">2008 \u2013 Memeber of EC Experts\u2019 group \u201cGender and Excellence\u201d.<\/span><\/p>\n<p><span style=\"font-family: georgia, palatino, serif\">2007-2009 \u2013 Member of the scientific team conducting the international CINEFOGO WP27 project &#8220;Third Sector Organizations (TSOs) facing turbulent environments&#8221; (analysis concerning Polish sport organizations).<\/span><\/p>\n<p><span style=\"font-family: georgia, palatino, serif\">2006-2009 \u2013 Haad of the polish research team in WORKCARE project (coordination of the fieldwork, preparation of the research tools, data analysis, reports, presentations), Institute for Social Studies, University of Warsaw.<\/span><\/p>\n<p><span style=\"font-family: georgia, palatino, serif\">2007\/2008 \u2013 Expert in UNDP project Gender Index (data analysis and reports preparation).<\/span><\/p>\n<p><span style=\"font-family: georgia, palatino, serif\">2005-2006 \u2013 Expert in PHARE project &#8220;Enhancement of policies on equal treatment of women and men&#8221;, the Beneficiary of the project was the Secretariat of the Government Plenipotentiary for Equal Status of Women and Men. EQUAL.<\/span><\/p>\n<p><span style=\"font-family: georgia, palatino, serif\">2000-2003 \u2013 Head of Polish team in the project in the framework of the EC Vth program, member of cross-cultural research group &#8220;Women in European Universities&#8221;.<\/span><\/p>\n<p><span style=\"font-family: georgia, palatino, serif\">1999 \u2013 Head of Polish research team in the study &#8220;Women in Higher Education: a Good Practice&#8221;, coordinated by CEPES &#8211; UNESCO.<\/span><\/p>\n<p><span style=\"font-family: georgia, palatino, serif\">1990-2004 \u2013 Head of Polish team in international Research Group on the Mechanisms of Promotion of Women to Top Leadership Positions in Public Life.<\/span><\/p>\n<p><span style=\"font-family: georgia, palatino, serif\">1980-1991 \u2013 Member of cross-cultural research group in project &#8220;Comparative Study on Local Governments&#8221;.<\/span><\/p>\n<p><span style=\"font-family: georgia, palatino, serif\">1976-1990 \u2013 Head of Polish team in Cross-cultural Research Group &#8220;Determinants of Women&#8217;s Public Participation&#8221;.<\/span><\/p>\n<h4><span style=\"font-family: georgia, palatino, serif\">RECENT PUBLICATIONS<\/span><\/h4>\n<p><span style=\"font-family: georgia, palatino, serif\">Siemie\u0144ska R. (red.) (2017). Uniwersytety, naukowcy i studenci w zglobalizowanym \u015bwiecie. Wybrane zagadnienia. Warszawa: <a href=\"https:\/\/scholar.com.pl\/pl\/ksiazki\/1699-uniwersytety-naukowcy-studenci-w-zglobalizowanym-swiecie-wybrane-zagadnienia.html\">Wydawnictwo Naukowe Scholar.<\/a><\/span><\/p>\n<p><span style=\"font-family: georgia, palatino, serif\">Siemie\u0144ska, R; Matysiak, I.; Domaradzka, A.; Vab\u00f8, A. (2017) <em>Expectations and satisfaction levels of Polish and Norwegian PhD graduates regarding the utility of their doctoral programmes in the labour market NIFU Working Paper<\/em> 2016-20, <a href=\"http:\/\/hdl.handle.net\/11250\/2434056\">http:\/\/hdl.handle.net\/11250\/2434056<\/a><\/span><\/p>\n<p><span style=\"font-family: georgia, palatino, serif\">Siemie\u0144ska,R; Jasi\u0144ska J., Matysiak I., Domaradzka A., \u017bbikowska A. (2017) <em>Social Enterprises in Poland (country report).<\/em> Raport z bada\u0144 przeprowadzonych w ramach projektu <em>\u201cFab Move\u201d For a Better Tomorrow: Social Enterprises on the Move.<\/em><\/span><\/p>\n<p><span style=\"font-family: georgia, palatino, serif\">Siemienska, R. (2016). <em>\u201c<\/em>Many Polish academics never move beyond their institutional starting points\u201d <em>Times Higher Education<\/em>, March 2016. <a href=\"https:\/\/www.timeshighereducation.com\/features\/200-best-universities-in-europe-who-is-at-the-top-in-2016\">https:\/\/www.timeshighereducation.com\/features\/200-best-universities-in-europe-who-is-at-the-top-in-2016<\/a><\/span><\/p>\n<p><span style=\"font-family: georgia, palatino, serif\">Siemienska, R., A. Domaradzka (2016). Between Constrained Opportunities and Social Expectations: Social Policy in Contemporary Poland. In: K. Schubert, P. de Villota, J. Kuhlmann (eds) <em>Challenges of European Welfare Systems. Springer.<\/em><\/span><\/p>\n<p><span style=\"font-family: georgia, palatino, serif\">Siemienska, R., A. Domaradzka, I. Matysiak (2016). Warsaw: Paving New Ways for Participation of Mothers, Fathers, and Children in Local Public and Social Life \u2013 The MaMa Foundation. In: T. Brandsen et al. (eds.) <em>Social Innovations in the Urban Context, Nonprofit and Civil Society Studies. Springer.<\/em><\/span><\/p>\n<p><span style=\"font-family: georgia, palatino, serif\">Siemie\u0144ska, R; Matysiak, I.; Domaradzka, A.; Vab\u00f8, A. (2016) Expectations and satisfaction levels of Polish and Norwegian PhD graduates regarding the utility of their doctoral programmes in the labour market NIFUworkingpaper2016-20.pdf (1.192Mb) Permanent link <a href=\"http:\/\/hdl.handle.net\/11250\/2434056\">http:\/\/hdl.handle.net\/11250\/2434056<\/a><\/span><\/p>\n<p><span style=\"font-family: georgia, palatino, serif\">Siemie\u0144ska, R. (2015).<a href=\"https:\/\/link.springer.com\/chapter\/10.1057\/9781137432155_9\"> Women as Owners and Senior Managers of Enterprises in Postcommunist Poland.<\/a> In: H. Desivilya Syna, C.- E. Costea (eds.) <em>Women\u2019s Voices in Management.<\/em> Identifying Innovative and Responsible Solutions. Palgrave Macmillan. 143-161.<\/span><\/p>\n<p><span style=\"font-family: georgia, palatino, serif\">Siemie\u0144ska, R. (2015). Building Women\u2019s and Men\u2019s Political Representation in Post-Communist European Countries. In: M. Vianello, M.Hawkesworth (eds.) <em>Gender and Power.<\/em> Towards Equality and Democratic Governance. Basingstoke: Palgrave Macmillan. 82-102.<\/span><\/p>\n<p><span style=\"font-family: georgia, palatino, serif\">Siemie\u0144ska, R. (2015). Duma narodowa i jej korelaty w epoce globalnej (National Pride and its Correlates in Global Era). In: K.G\u00f3rniak, T. Kanasz, B.Pasamonik, J.Zalewska (eds.) <em>Socjologia czasu, kultury i ub\u00f3stwa. Warszawa: <\/em>Wyd. Akademii Pedagogiki Specjalnej. 197-210.<\/span><\/p>\n<p><span style=\"font-family: georgia, palatino, serif\">Siemie\u0144ska, R. (2015). Aktywno\u015b\u0107 obywatelska i jej uwarunkowania &#8211; por\u00f3wnania mi\u0119dzykulturowe (Civic Activity and Its Determinants- Cross-cultural Comparison). In: M.Lewicki, S.Mandes,A. Przybylska, M. Sikorska, C. Trutkowski (eds.) <em>Socjologia uspo\u0142ecznienia. Warszawa: <\/em>Wyd. Naukowe Scholar. 281-302.<\/span><\/p>\n<p><span style=\"font-family: georgia, palatino, serif\">Siemie\u0144ska, R., I. Matysiak (2014) Lone Mothers: Care Arrangements between Support and Isolation. In: C. Ranci, T. Brandsen, S. Sabatinelli (eds.) Social Vulnerability in European Cities. The Role of Local Welfare in Times of Crisis. Palgrave Macmillan. 221-243.<\/span><\/p>\n<p><span style=\"font-family: georgia, palatino, serif\">Siemie\u0144ska, R. (2014) Two Decades of Participatory Democracy in Poland. In: Freise, Matthias,Thorsten, Hallmann (eds.) Modernizing Democracy. Associations and Associating in the 21st Century. Springer. 145-156.<\/span><\/p>\n<p><span style=\"font-family: georgia, palatino, serif\">Siemie\u0144ska, R. (2014)<a href=\"http:\/\/catunescomujer.org\/globalnetwork\/wp-content\/uploads\/2018\/06\/Ebook2-15Dec2014.pdf\"> Role of Gender Quota Systems in Polish Parliamentary Elections After the Fall of Communism.<\/a> In: McSweeney (ed.) Gender Perspectives in Case Studies Across Continents: Volume II. E-book published by Global Network of UNESCO Chairs on Gender (Buenos Aires) and by UNESCO (Paris). 99-117.<\/span><\/p>\n<p><span style=\"font-family: georgia, palatino, serif\">Siemie\u0144ska, R., I. Matysiak, A. Domaradzka (2014) Social Innovations for social cohesion: Warsaw, in: A. Evers, B. Ewert and T. Brandsen (eds) Social Innovations for social cohesion. Transnational patterns and approaches from 20 European cities. WILCO ebook <a href=\"http:\/\/www.wilcoproject.eu\/book\/chapters\/warsaw-introduction\/\">http:\/\/www.wilcoproject.eu\/book\/chapters\/warsaw-introduction\/<\/a><\/span><\/p>\n<p><span style=\"font-family: georgia, palatino, serif\">Siemie\u0144ska, R., I. Matysiak, A. Domaradzka (2014) Social Innovations for social cohesion: Plock, in: A. Evers, B. Ewert and T. Brandsen (eds) Social Innovations for social cohesion. Transnational patterns and approaches from 20 European cities. WILCO ebook <a href=\"http:\/\/www.wilcoproject.eu\/book\/chapters\/plock-introduction\/\">http:\/\/www.wilcoproject.eu\/book\/chapters\/plock-introduction\/<\/a><\/span><\/p>\n<p><span style=\"font-family: georgia, palatino, serif\">Siemie\u0144ska, R.,I.Matysiak , A. Domardzka (2013), \u201eMothers as citizens: the case study of the activities of MaMa Foundation in Warsaw\u201d, <em>Fondazione Volontariato e Partecipazione, working paper series FVeP<\/em> 23, ISSN: 2240-3272.<\/span><\/p>\n<p><span style=\"font-family: georgia, palatino, serif\">Siemie\u0144ska, R., A. Domaradzka, I. Matysiak (2012), Measures of social cohesion in Polish cities: Warsaw, WILCO Publication no. 31: <a href=\"http:\/\/wilcoproject.eu\/wp-content\/uploads\/2013\/04\/WILCO_WP3_Warsaw_31.pdf\">http:\/\/wilcoproject.eu\/wp-content\/uploads\/2013\/04\/WILCO_WP3_Warsaw_31.pdf<\/a><\/span><\/p>\n<p><span style=\"font-family: georgia, palatino, serif\">Siemie\u0144ska, R., A. Domaradzka, I. Matysiak (2011), Local welfare in Poland from a historical and institutional perspective, WILCO Publication no. 09:<a href=\"http:\/\/wilcoproject.eu\/wp-content\/uploads\/2012\/01\/WILCO_WP2_reports_09_PL.pdf\"> http:\/\/wilcoproject.eu\/wp-content\/uploads\/2012\/01\/WILCO_WP2_reports_09_PL.pdf \u00a0<\/a> \u00a0 \u00a0 \u00a0 \u00a0 \u00a0 \u00a0 \u00a0 \u00a0 \u00a0 \u00a0 \u00a0 \u00a0 \u00a0 \u00a0 \u00a0 \u00a0 \u00a0 \u00a0 \u00a0 \u00a0 \u00a0 \u00a0 \u00a0 \u00a0 \u00a0 \u00a0 \u00a0 \u00a0 \u00a0 \u00a0 \u00a0 \u00a0 \u00a0 \u00a0 \u00a0 \u00a0 \u00a0 \u00a0 \u00a0 \u00a0 \u00a0 \u00a0 \u00a0 \u00a0 \u00a0 \u00a0\u00a0<\/span><\/p>\n<p><span style=\"font-family: georgia, palatino, serif\">Siemienska R., A.Domaradzka, D.Walczak (2010), <em>National Report on LLL and adult learning POLAND, Evaluation Framework for the Evolution of LLL Strategies in Europe<\/em>, Project Number: 147760-LLP-2008-GR-KA1NLLS.<\/span><\/p>\n<p><span style=\"font-family: georgia, palatino, serif\">Siemie\u0144ska R., A. Domaradzka (2009). The welfare system in Poland: transformation with difficulties, in: K. Schubert, S. Hegelich, U. Bazant (eds) The Handbook of European Welfare Systems. New York: Routledge. p. 378-397.<\/span><\/p>\n<p><span style=\"font-family: georgia, palatino, serif\">Siemie\u0144ska R., A. Domaradzka (2008). Transformation mit Schwierigkeiten: Das polnische Wohlfahrtssystem [Transformation with Difficulties: The Polish Welfare System], in: K. Schubert (ed.) Europaische Wohlfahrtssysteme: ein Handbuch, Wiesbaden, p. 503-524.<\/span><\/p>\n<h4><span style=\"font-family: georgia, palatino, serif\">MEMBERSHIP IN PROFESSIONAL BODIES<\/span><\/h4>\n<p><span style=\"font-family: georgia, palatino, serif\">2002-2005 Member of the Steering Committee \u201cWomen in Science\u201d of the Ministry of Higher Education and Science in Poland<\/span><\/p>\n<p><span style=\"font-family: georgia, palatino, serif\">2001-2005 Member of the Advisory Board for the Office of Plenipotentiary for Equal Status of Men and Women in Poland<\/span><\/p>\n<p><span style=\"font-family: georgia, palatino, serif\">1994-cont Reviewer of schoolbooks for the Ministry of National Education in Poland<\/span><\/p>\n<p><span style=\"font-family: georgia, palatino, serif\">1993-1997 Member of the editorial board: Social Politics (published in USA)<\/span><\/p>\n<p><span style=\"font-family: georgia, palatino, serif\">1993-1994 President of the Board of Trustees of the INSTRAW<\/span><\/p>\n<p><span style=\"font-family: georgia, palatino, serif\">1992-1995 Member of the Advisory Committee of Polish UNESCO Committee.<\/span><\/p>\n<p><span style=\"font-family: georgia, palatino, serif\">1991-2000 Member of the editorial board: Women&#8217;s History Review (published in the G. Britain)<\/span><\/p>\n<p><span style=\"font-family: georgia, palatino, serif\">1990-1998 Member of the Steering Committee of The European Network for Women&#8217;s Studies<\/span><\/p>\n<p><span style=\"font-family: georgia, palatino, serif\">1990-1997 Member of the Board of Trustees of the INSTRAW (United Nations International Research and Training Institute for the Advancement of Women)<\/span><\/p>\n<p><span style=\"font-family: georgia, palatino, serif\">1985-cont Member of the editorial board: Inter. Review of Sociology (published in Italy)<\/span><\/p>\n<p><span style=\"font-family: georgia, palatino, serif\">1985-1990 Member of the National Council of Polish Political Science Association (PPSA).<\/span><\/p>\n<p><span style=\"font-family: georgia, palatino, serif\">1985-1988 Member of the editorial board: Women and Politics (published in USA)<\/span><\/p>\n<p><span style=\"font-family: georgia, palatino, serif\">1985 Member of the Council of the Inter. Political Science Association.<\/span><\/p>\n<p><span style=\"font-family: georgia, palatino, serif\">1983-1987 Expert UNESCO, Division of Human Rights and Peace.<\/span><\/p>","protected":false},"excerpt":{"rendered":"<p>EDUCATION 1991 Full Professor in sociology, University of Warsaw 1977 Habilitation in sociology, University of Warsaw 1969 PhD in sociology, Jagiellonian University, Cracow 1962 MA in sociology, Jagiellonian University, Cracow 1961 MA in geography, Jagiellonian University, Cracow PRESENT AND FORMER POSITIONS The Chairholder of the UNESCO Chair \u201eWomen, Society, Development\u201d, University of Warsaw, Warsaw (since 1996) Head of the Center of Interdisciplinary Gender Studies, Institute for Social Studies, Warsaw University [&hellip;]<\/p>\n","protected":false},"author":761,"featured_media":0,"parent":0,"menu_order":0,"comment_status":"closed","ping_status":"closed","template":"","meta":{"_links_to":"","_links_to_target":""},"acf":[],"_links":{"self":[{"href":"http:\/\/iss.uw.edu.pl\/en\/wp-json\/wp\/v2\/pages\/522"}],"collection":[{"href":"http:\/\/iss.uw.edu.pl\/en\/wp-json\/wp\/v2\/pages"}],"about":[{"href":"http:\/\/iss.uw.edu.pl\/en\/wp-json\/wp\/v2\/types\/page"}],"author":[{"embeddable":true,"href":"http:\/\/iss.uw.edu.pl\/en\/wp-json\/wp\/v2\/users\/761"}],"replies":[{"embeddable":true,"href":"http:\/\/iss.uw.edu.pl\/en\/wp-json\/wp\/v2\/comments?post=522"}],"version-history":[{"count":27,"href":"http:\/\/iss.uw.edu.pl\/en\/wp-json\/wp\/v2\/pages\/522\/revisions"}],"predecessor-version":[{"id":9780,"href":"http:\/\/iss.uw.edu.pl\/en\/wp-json\/wp\/v2\/pages\/522\/revisions\/9780"}],"wp:attachment":[{"href":"http:\/\/iss.uw.edu.pl\/en\/wp-json\/wp\/v2\/media?parent=522"}],"curies":[{"name":"wp","href":"https:\/\/api.w.org\/{rel}","templated":true}]}}