{"id":656,"date":"2018-02-13T13:42:09","date_gmt":"2018-02-13T12:42:09","guid":{"rendered":"http:\/\/iss.strony.uw.edu.pl\/?page_id=656"},"modified":"2024-05-09T15:04:37","modified_gmt":"2024-05-09T13:04:37","slug":"tomasz-jerzynski","status":"publish","type":"page","link":"http:\/\/iss.uw.edu.pl\/en\/tomasz-jerzynski\/","title":{"rendered":"Tomasz Jerzy\u0144ski"},"content":{"rendered":"<p class=\"qtranxs-available-languages-message qtranxs-available-languages-message-en\"><a href=\"http:\/\/iss.uw.edu.pl\/pl\/wp-json\/wp\/v2\/pages\/656\" class=\"qtranxs-available-language-link qtranxs-available-language-link-pl\" title=\"Polski\">Polish<\/a> For the sake of viewer convenience, the content is shown below in the alternative language. You may click the link to switch the active language.<\/p><p><div class=\"su-tabs su-tabs-style-default su-tabs-mobile-stack\" data-active=\"1\" data-scroll-offset=\"0\" data-anchor-in-url=\"no\"><div class=\"su-tabs-nav\"><span class=\"\" data-anchor=\"info\" data-url=\"\" data-target=\"blank\" tabindex=\"0\" role=\"button\">Info<\/span><span class=\"\" data-anchor=\"toolkit\" data-url=\"\" data-target=\"blank\" tabindex=\"0\" role=\"button\">Toolkit<\/span><\/div><div class=\"su-tabs-panes\"><div class=\"su-tabs-pane su-u-clearfix su-u-trim\" data-title=\"Info\"><\/p>\n<p><div class=\"su-box su-box-style-soft\" id=\"\" style=\"border-color:#000000;border-radius:3px\"><div class=\"su-box-title\" style=\"background-color:#333333;color:#FFFFFF;border-top-left-radius:1px;border-top-right-radius:1px\">dr Tomasz Jerzy\u0144ski<\/div><div class=\"su-box-content su-u-clearfix su-u-trim\" style=\"border-bottom-left-radius:1px;border-bottom-right-radius:1px\"><\/p>\n<p><img loading=\"lazy\" class=\"alignleft size-full wp-image-8595\" src=\"http:\/\/iss.uw.edu.pl\/wp-content\/uploads\/sites\/286\/2018\/06\/TJ-150x150.png\" alt=\"\" width=\"150\" height=\"150\" \/><\/p>\n<p>tomasz.jerzynski(a)uw.edu.pl<\/p>\n<h6>STANOWISKO\/POSITION<\/h6>\n<p>Kierownik <a href=\"http:\/\/iss.uw.edu.pl\/osrodek-metodologii\/\">O\u015brodka Metodologii Bada\u0144 Spo\u0142ecznych<\/a> \/ Head of the <a href=\"http:\/\/iss.uw.edu.pl\/osrodek-metodologii\/\">Center for Social Research Methodology<\/a> at ISS.<\/p>\n<p>Cz\u0142onek zespo\u0142\u00f3w Polskich Generalnych Sonda\u017cy Spo\u0142ecznych oraz Polskiego Archiwum Danych Spo\u0142ecznych. \/ Member of Polish General Social Surveys and the Polish Social Data Archive teams.<\/p>\n<p><\/div><\/div><\/p>\n<h6>ZAINTERESOWANIA BADAWCZE\/RESEARCH INTERESTS<\/h6>\n<p>Analiza i przetwarzanie danych. \/ Analysis and data processing.<\/p>\n<h4>WYKSZTA\u0141CENIE\/EDUCATION<\/h4>\n<p>2003-2008 PhD in sociology, Institute of Sociology, University of Warsaw<\/p>\n<p>1994-1999 MA in sociology (cum laude), Institute of Sociology, University of Warsaw<\/p>\n<h4>BADANIA\/RESEARCH<\/h4>\n<ul>\n<li>2013 International Social Survey Programme 2012 &#8220;Family, Work and Gender Roles IV\u201d.<\/li>\n<li>2013 International Social Survey Programme 2011 &#8220;Health\u201d.<\/li>\n<li>2003 \u2013 2013 &#8220;Diagnoza Spo\u0142eczna 2000 &#8211; 2013. Warunki i jako\u015b\u0107 \u017cycia Polak\u00f3w.&#8221; \/ &#8220;Social Diagnosis 2000 &#8211; 2011. Objective and Subjective Quality of Life in Poland.&#8221;, Rada Monitoringu Spo\u0142ecznego, Janusz Czapi\u0144ski, Tomasz Panek.<\/li>\n<li>1997 \u2013 2010 Polski Generalny Sonda\u017c Spo\u0142eczny 1992-2010 \/ Polish General Social Survey 1992 &#8211; 2010.<\/li>\n<li>2010 International Social Survey Programme 2008 &#8220;Religion III\u201d.<\/li>\n<li>2010 International Social Survey Programme 2009 &#8220;Social Inequality IV\u201d.<\/li>\n<li>2007 \u2013 2008 International Social Survey Programme 2007 &#8220;Leisure time and sports&#8221;.<\/li>\n<li>2007 \u2013 2008 International Social Survey Programme 2006 &#8220;Role of Government IV&#8221;.<\/li>\n<li>2005 \u2013 2006 International Social Survey Programme 2004 &#8220;Citizenship&#8221;.<\/li>\n<li>2005 \u2013 2006 International Social Survey Programme 2003 &#8220;National Identity II&#8221;.<\/li>\n<li>2001 \u2013 2002 International Social Survey Programme 2002 &#8220;Family and Changing Gender Roles III&#8221;.<\/li>\n<li>2001 &#8211; 2002 International Social Survey Programme 2001&#8243;Social Networks II&#8221;.<\/li>\n<li>2001 \u2013 2002 &#8220;Mieszka\u0144cy Warszawy o sobie i swoim mie\u015bcie&#8221; \/ &#8220;Warsaw Area Study&#8221; (koordynacja prof. dr hab. Janusz Grzelak).<\/li>\n<li>1998 \u2013 1999 International Social Survey Programme 1999&#8243;Social Inequality III&#8221;.<\/li>\n<li>1998 \u2013 1999 International Social Survey Programme 1998&#8243;Religion II&#8221;.<\/li>\n<li>1998 International Social Survey Programme 1997&#8243;Work Orientations II&#8221;.<\/li>\n<li>1998 International Social Survey Programme 1996&#8243;Role of Government III&#8221;.<\/li>\n<\/ul>\n<h4>PUBLIKACJE\/PUBLICATIONS<\/h4>\n<ul>\n<li>Jerzy\u0144ski, T., Smoczyn\u0301ski, R., &amp; Zarycki, T., 2016,<strong> <a href=\"http:\/\/www.iss.uw.edu.pl\/zarycki\/pdf\/Regionalne-osobliwosci.pdf\" target=\"_blank\" rel=\"noopener\">Regionalne osobliwo\u015bci postrzegania i podtrzymywania tradycji postszlacheckich przez student\u00f3w polskich<\/a><\/strong>. <i><a href=\"http:\/\/www.studreg.uw.edu.pl\/\">Studia Regionalne i Lokalne<\/a><\/i>, 2016. No.1 (63). pp. 129-154.<\/li>\n<li>Jerzy\u0144ski, T. 2009. Poziom realizacji pr\u00f3by i wa\u017cenie poststratyfikacyjne w analizie danych sonda\u017cowych. Problemy zarz\u0105dzania, 7(4(26)), 196 \u2013 208. (Wydawnictwo Naukowe Wydzia\u0142u Zarz\u0105dzania Uniwersytetu Warszawskiego).<\/li>\n<li>Jerzy\u0144ski, T. 2009. Poziom realizacji badania sonda\u017cowego a wnioskowanie statystyczne. Przyk\u0142ad z bada\u0144 PGSS i ISSP. W: Piotr Radkiewicz i Renata Siemie\u0144ska, Spo\u0142ecze\u0144stwo w czasach zmiany. Badania Polskiego Generalnego Sonda\u017cu Spo\u0142ecznego 1992 \u2013 2009. Wydawnictwo Naukowe Scholar. Warszawa 2009.<\/li>\n<li>Jerzy\u0144ski, T. 2004. Percepcja warunk\u00f3w osi\u0105gania sukcesu a pozycja spo\u0142ecznoekonomiczna. W: J. Grzelak T. Zarycki, Spo\u0142eczna mapa Warszawy. Interdyscyplinarne studium metropolii warszawskiej. Warszawa: Wydawnictwo Scholar.<\/li>\n<\/ul>\n<p><\/div>\n<div class=\"su-tabs-pane su-u-clearfix su-u-trim\" data-title=\"Toolkit\"><\/p>\n<ul>\n<li>Materia\u0142y dodatkowe do artyku\u0142u &#8220;Ilo\u015bciowa analiza tre\u015bci z wykorzystaniem listy s\u0142\u00f3w emocjonalnych&#8221;. <a href=\"http:\/\/193.0.101.165\/twj\/analiza_tresci_nawl\/\" class=\"su-button su-button-style-glass\" style=\"color:#FFFFFF;background-color:#2D89EF;border-color:#246ec0;border-radius:5px;-moz-border-radius:5px;-webkit-border-radius:5px\" target=\"__blank\"><span style=\"color:#FFFFFF;padding:0px 16px;font-size:13px;line-height:26px;border-color:#6cadf4;border-radius:5px;-moz-border-radius:5px;-webkit-border-radius:5px;text-shadow:none;-moz-text-shadow:none;-webkit-text-shadow:none\">  &gt; <\/span><\/a><\/li>\n<\/ul>\n<p><\/div><\/div><\/div><\/p>","protected":false},"excerpt":{"rendered":"","protected":false},"author":761,"featured_media":0,"parent":0,"menu_order":0,"comment_status":"closed","ping_status":"closed","template":"","meta":{"_links_to":"","_links_to_target":""},"acf":[],"_links":{"self":[{"href":"http:\/\/iss.uw.edu.pl\/en\/wp-json\/wp\/v2\/pages\/656"}],"collection":[{"href":"http:\/\/iss.uw.edu.pl\/en\/wp-json\/wp\/v2\/pages"}],"about":[{"href":"http:\/\/iss.uw.edu.pl\/en\/wp-json\/wp\/v2\/types\/page"}],"author":[{"embeddable":true,"href":"http:\/\/iss.uw.edu.pl\/en\/wp-json\/wp\/v2\/users\/761"}],"replies":[{"embeddable":true,"href":"http:\/\/iss.uw.edu.pl\/en\/wp-json\/wp\/v2\/comments?post=656"}],"version-history":[{"count":6,"href":"http:\/\/iss.uw.edu.pl\/en\/wp-json\/wp\/v2\/pages\/656\/revisions"}],"predecessor-version":[{"id":12305,"href":"http:\/\/iss.uw.edu.pl\/en\/wp-json\/wp\/v2\/pages\/656\/revisions\/12305"}],"wp:attachment":[{"href":"http:\/\/iss.uw.edu.pl\/en\/wp-json\/wp\/v2\/media?parent=656"}],"curies":[{"name":"wp","href":"https:\/\/api.w.org\/{rel}","templated":true}]}}