{"id":665,"date":"2018-02-13T13:51:16","date_gmt":"2018-02-13T12:51:16","guid":{"rendered":"http:\/\/iss.strony.uw.edu.pl\/?page_id=665"},"modified":"2020-04-15T12:35:45","modified_gmt":"2020-04-15T10:35:45","slug":"andrzej-nowak","status":"publish","type":"page","link":"http:\/\/iss.uw.edu.pl\/en\/andrzej-nowak\/","title":{"rendered":"Andrzej Nowak"},"content":{"rendered":"<p class=\"qtranxs-available-languages-message qtranxs-available-languages-message-en\"><a href=\"http:\/\/iss.uw.edu.pl\/pl\/wp-json\/wp\/v2\/pages\/665\" class=\"qtranxs-available-language-link qtranxs-available-language-link-pl\" title=\"Polski\">Polish<\/a> For the sake of viewer convenience, the content is shown below in the alternative language. You may click the link to switch the active language.<\/p><p><span style=\"font-family: georgia, palatino, serif\"><div class=\"su-box su-box-style-soft\" id=\"\" style=\"border-color:#000000;border-radius:3px\"><div class=\"su-box-title\" style=\"background-color:#333333;color:#FFFFFF;border-top-left-radius:1px;border-top-right-radius:1px\">Prof. dr hab. Andrzej Nowak<\/div><div class=\"su-box-content su-u-clearfix su-u-trim\" style=\"border-bottom-left-radius:1px;border-bottom-right-radius:1px\"><\/span><\/p>\n<p><span style=\"font-family: georgia, palatino, serif\"><img loading=\"lazy\" class=\"size-full wp-image-666 alignleft\" src=\"http:\/\/iss.uw.edu.pl\/wp-content\/uploads\/sites\/286\/2018\/02\/AndrzejNowak.jpg\" alt=\"\" width=\"200\" height=\"201\" srcset=\"http:\/\/iss.uw.edu.pl\/wp-content\/uploads\/sites\/286\/2018\/02\/AndrzejNowak.jpg 200w, http:\/\/iss.uw.edu.pl\/wp-content\/uploads\/sites\/286\/2018\/02\/AndrzejNowak-150x150.jpg 150w\" sizes=\"(max-width: 200px) 100vw, 200px\" \/><\/span><\/p>\n<h6><span style=\"font-family: georgia, palatino, serif\">STANOWISKO\/POSITION<\/span><\/h6>\n<p><span style=\"font-family: georgia, palatino, serif\">Andrzej Nowak is the Director of the <a href=\"http:\/\/iss.uw.edu.pl\/osrodek-badania-ukladow-zlozonych-i-nowych-technologii\/\">Center for Complex Systems and New Technologies<\/a> and <a href=\"http:\/\/iss.uw.edu.pl\/en\/centrum-badania-ryzyka-systemow\/\">Systemic Risk Research Center<\/a> at ISS and the director of the Global Systems Center at ISS. He is also a professor at the <a title=\"Wydzia\u0142 Psychologii UW\" href=\"http:\/\/iss.uw.edu.pl\/faculty-of-psychology-uw\/\">Department of Psychology<\/a> of the University of Warsaw.<\/span><\/p>\n<p><span style=\"font-family: georgia, palatino, serif\">Kierownik <a href=\"http:\/\/iss.uw.edu.pl\/osrodek-badania-ukladow-zlozonych-i-nowych-technologii\/\">O\u015brodka Bada\u0144 Uk\u0142ad\u00f3w Z\u0142o\u017conych i Nowych Technologii<\/a> oraz <a href=\"http:\/\/iss.uw.edu.pl\/centrum-badania-ryzyka-systemow\/\">O\u015brodka Badania Ryzyka System\u00f3w<\/a>.<\/span><\/p>\n<p><span style=\"font-family: georgia, palatino, serif\">andrzejn232(a)gmail.coml<\/span><\/p>\n<h6><span style=\"font-family: georgia, palatino, serif\">ZAINTERESOWANIA BADAWCZE\/RESEARCH INTERESTS<\/span><\/h6>\n<p><span style=\"font-family: georgia, palatino, serif\">Prof. Nowak is one of the world\u0092s leading experts on the modeling and computer simulation of social processes. Using cellular automata, he has modeled the emergence of public opinion in society and linear versus non-linear societal transitions. His current research projects include the use of cellular automata to simulate the emergence and maintenance of self-concept and linear and non-linear scenarios of societal change, the use of attractor neural networks to model interpersonal and group dynamics, and the use of coupled dynamical systems to simulate the emergence of personality through social coordination.<\/span><\/p>\n<p><span style=\"font-family: georgia, palatino, serif\"><\/div><\/div><\/span><\/p>\n<h4><span style=\"font-family: georgia, palatino, serif\">WYKSZTA\u0141CENIE\/EDUCATION<\/span><\/h4>\n<p><span style=\"font-family: georgia, palatino, serif\">University of Warsaw, psychology<\/span><br \/>\n<span style=\"font-family: georgia, palatino, serif\">Stanford University, 1974-1975<\/span><br \/>\n<span style=\"font-family: georgia, palatino, serif\">M.A. University of Warsaw, 1978<\/span><br \/>\n<span style=\"font-family: georgia, palatino, serif\">Educational Testing Service, Princeton, 1979-1980<\/span><br \/>\n<span style=\"font-family: georgia, palatino, serif\">Ph.D. University of Warsaw, 1987<\/span><br \/>\n<span style=\"font-family: georgia, palatino, serif\">Habilitation, University of Warsaw, 1996<\/span><br \/>\n<span style=\"font-family: georgia, palatino, serif\">Full professor, Warsaw, 2004<\/span><\/p>\n<p><span style=\"font-family: georgia, palatino, serif\"><strong>PUBLIKACJE\/PUBLICATIONS<\/strong><\/span><\/p>\n<p><span style=\"font-family: georgia, palatino, serif\"><a href=\"http:\/\/scholar.google.pl\/citations?user=Xxf2j74AAAAJ&amp;hl=pl\">Andrzej Nowak&#8217;s publications in Google Scholar<\/a><\/span><\/p>\n<p><span style=\"font-family: georgia, palatino, serif\"><a href=\"https:\/\/www.researchgate.net\/profile\/Andrzej_Nowak\">Andrzej Nowak&#8217;s profile at Research Gate<\/a><\/span><\/p>\n<div>\n<div class=\"csl-bib-body\">\n<p class=\"csl-entry\"><span style=\"font-family: georgia, palatino, serif\">Pitt, J., Rychwalska, A., Roszczynska-Kurasinska, M., &amp; Nowak, A. (2019). Democratizing Platforms for Social Coordination. <i>IEEE Technology and Society Magazine<\/i>, <i>38<\/i>(1), 43\u201350. <a href=\"https:\/\/doi.org\/10.1109\/MTS.2019.2894459\">https:\/\/doi.org\/10.1109\/MTS.2019.2894459<\/a><\/span><\/p>\n<\/div>\n<\/div>\n<div>\n<div class=\"gs_citr\"><span style=\"font-family: georgia, palatino, serif\">Nowak, A., &amp; Vallacher, R. R. (2019). Nonlinear societal change: The perspective of dynamical systems. <i>British Journal of Social Psychology<\/i>, <i>58<\/i>(1), 105-128. <a href=\"https:\/\/doi.org\/10.1111\/bjso.12271\">https:\/\/doi.org\/10.1111\/bjso.12271<\/a><\/span><\/div>\n<\/div>\n<p><span style=\"font-family: georgia, palatino, serif\">Biesaga, M., Motyka, P., &amp; Nowak, A. (2018). The Effects of Synchronization With Either Joyful or Angry People on Perception of an Emotionally Neutral Person. <i>Social Psychological Bulletin<\/i>, <i>13(<\/i><i>4<\/i><i>). <a href=\"https:\/\/doi.org\/10.32872\/spb.v13i4.26821\">https:\/\/doi.org\/10.32872\/spb.v13i4.26821<\/a><\/i><\/span><\/p>\n<p><span style=\"font-family: georgia, palatino, serif\">Cohen, D., Hernandez, I., Gruschow, K., Nowak, A., Gelfand, M. J., &amp; Borkowski, W. (2018). Rationally Irrational?. The ecologies and economics of honor. In: <em>Socio-Economic Environment and Human Psychology: Social, Ecological, and Cultural Perspectives<\/em>, CHAPTER 4, pp 77-102.<\/span><\/p>\n<p class=\"gs_citr\"><span style=\"font-family: georgia, palatino, serif\">Ziembowicz, K., &amp; Nowak, A. (2018). Prosody of Text Communication? How to Induce Synchronization and Coherence in Chat Conversations. <i>International Journal of Human\u2013Computer Interaction<\/i>, 1-10.<\/span><\/p>\n<p class=\"gs_citr\"><span style=\"font-family: georgia, palatino, serif\">Nowak, A., Lukowicz, P., &amp; Horodecki, P. (2018). <a href=\"https:\/\/ieeexplore.ieee.org\/document\/8558761\">Assessing Artificial Intelligence for Humanity: Will AI be the Our Biggest Ever Advance? or the Biggest Threat [Opinion].<\/a> <i>IEEE Technology and Society Magazine<\/i>, <i>37<\/i>(4), 26-34.<\/span><\/p>\n<p class=\"gs_citr\"><span style=\"font-family: georgia, palatino, serif\">Nowak, A., Vallacher, R. R., Zochowski, M., &amp; Rychwalska, A. (2017). <a href=\"https:\/\/www.frontiersin.org\/articles\/10.3389\/fpsyg.2017.00945\/full\">Functional synchronization: The emergence of coordinated activity in human systems. <i>Frontiers in psychology<\/i>, <i>8<\/i>, 945.<\/a><\/span><\/p>\n<p class=\"gs_citr\"><span style=\"font-family: georgia, palatino, serif\">Vallacher, R. R., Read, S. J., &amp; Nowak, A. (Eds.). (2017). <a href=\"https:\/\/www.crcpress.com\/Computational-Social-Psychology\/Vallacher-Read-Nowak\/p\/book\/9781138951655#googlePreviewContainer\">Computational social psychology.<\/a> Routledge.<\/span><\/p>\n<p><span style=\"font-family: georgia, palatino, serif\">Nowak, A., Zab\u0142ocka, A., &amp; Praszkier, R. (2017). <a href=\"https:\/\/pdfs.semanticscholar.org\/d3ed\/4f356fb6e70dc308cf7f5ec2bf506b3fc9f4.pdf\">How Much do Leaders Seek to Be Influenced? The Concept of Social Influence in Reverse in Reverse.<\/a> <i>Journal of Positive Management<\/i>, <i>8<\/i>(4), 58-79.<\/span><\/p>\n<p><span style=\"font-family: georgia, palatino, serif\">Johnson J., Ormerod P., Rosewell B., Nowak A., Zhang Y.-Ch. (2017), <a href=\"https:\/\/www.springer.com\/gp\/book\/9783319424224\">Non-Equilibrium Social Science and Policy.<\/a> In: Non-Equilibrium Social Science and Policy (subtitle: Introduction and Essays on New and Changing Paradigms in Socio-Economic Thinking).<em> Springer International Publishing,<\/em> ISBN: 978-3-319-42422-4; str. 1-17<\/span><\/p>\n<p><span style=\"font-family: georgia, palatino, serif\">Nowak A., Kacprzyk-Murawska M., Serwatka E. (2017) Social Psychology and the Narrative Economy. In: <em>Non-Equilibrium Social Science and Policy<\/em> (subtitle: Introduction and Essays on New and Changing Paradigms in Socio-Economic Thinking). <em>Springer International Publishing<\/em>, ISBN: 978-3-319-42422-4; str. 45-58<\/span><\/p>\n<p><span style=\"font-family: georgia, palatino, serif\">Vallacher R. R., Read S. J., Nowak A. (eds.) (2017). Computational Social Psychology. NY, Oxon: Routledge<\/span><\/p>\n<p><span style=\"font-family: georgia, palatino, serif\">Vallacher R. R., Nowak A., Read S. J. (2017), Rethinking Human Experience: The Promise of Computational Social Psychology. In:<em> Computational Social Psychology<\/em>, 3-12<\/span><\/p>\n<p><span style=\"font-family: georgia, palatino, serif\">Vallacher R. R., Nowak A. (2017), From Interaction to Synchronization in Social Relations. In: <em>Computational Social Psychology<\/em>, 208-228<\/span><\/p>\n<p><span style=\"font-family: georgia, palatino, serif\">Serfass D., Nowak A., Sherman R. (2017), Big Data in Psychological Research. In: <em>Computational Social Psychology<\/em>, 332-348<\/span><\/p>\n<p><span style=\"font-family: georgia, palatino, serif\">Nowak A., Vallacher R. R. (2017), The future of Computational Social Psychology. In: <em>Computational Social Psychology<\/em>, 349-367<\/span><\/p>\n<p><span style=\"font-family: georgia, palatino, serif\">Nowak A., Gelfand M. J., Borkowski W., Kruglanski A. (2017), Autocratic Recidivism. Computational Models of Why Revolutions Fail (DOI:10.1093\/acprof:oso\/9780190269098.003.0010). In: <em>Values, Political Action, and<\/em><\/span><br \/>\n<span style=\"font-family: georgia, palatino, serif\"><em>Change in the Middle East and the Arab Spring<\/em> (ed. Mansoor Moaddel and Michele J. Gelfand), Oxford University Press, doi: 10.1093\/acprof:oso\/9780190269098.001.0001, ISBN: 9780190269098, s. 392<\/span><\/p>\n<p><span style=\"font-family: georgia, palatino, serif\">Ziembowicz K., Rychwalska A., Samson K., \u0141ucznik K., Ziembowicz M., Sz\u00f3stek A., Nowak A. (2016), <em>Medium Moderates the Message. How Users Adjust Their Communication Trajectories to Different Media in Collaborative Task Solving. PLoS ONE 11(6): e0157827. <a href=\"https:\/\/doi.org\/10.1371\/journal.pone.0157827\">https:\/\/doi.org\/10.1371\/journal.pone.0157827<\/a><\/em><\/span><\/p>\n<p><span style=\"font-family: georgia, palatino, serif\">Jarman, M.S., Nowak, A., Borkowski, W., Serfass, D. G., Wong, A. E., Valacher, R.R. (2015).The critical few: Anticonformists at the crossroads of minority opinion survival and collapse. <em>JASSS<\/em> 18 (1) 6, <\/span><\/p>\n<p><span style=\"font-family: georgia, palatino, serif\">Nowak, A., Andersen, J., Borkowski, W. (2015). <a href=\"https:\/\/hal.archives-ouvertes.fr\/hal-01215581\/document\">Dynamics of Socio-Economic systems: attractors, rationality and meaning.<em> Review of Behavioral Economics<\/em>: Vol. 2: N0. 1-2, pp. 167-173,<\/a> http:\/\/dx.doi.org\/10.1561\/105.0000026<\/span><\/p>\n<p><span style=\"font-family: georgia, palatino, serif\">Nowak A., Gelfand M., Borkowski W., Cohen D., Hernandez I. (2015), <a href=\"https:\/\/pdfs.semanticscholar.org\/f5f7\/99eccaa35ea47a2d2ba63c85b631d70d7db4.pdf\">The Evolutionary Basis of Honor Cultures. <em>Psychological Science<\/em> 1-13, doi: 10.1177\/0956797615602860<\/a><\/span><\/p>\n<p><span style=\"font-family: georgia, palatino, serif\">Winkielman, P., Ziembowicz, M., Nowak, A. (2015). <a href=\"https:\/\/www.frontiersin.org\/articles\/10.3389\/fpsyg.2015.00083\/full\">The coherent and fluent mind: How unified consciousness is constructed from cross-modal inputs via integrated processing experiences.<\/a> <em>Frontiers in Psychology<\/em> 83 (6), 1664-1078<\/span><\/p>\n<p><span style=\"font-family: georgia, palatino, serif\">Pitt, J., Busquets, D.,Diaconescu, A., Nowak, A., Rychwalska, A., Roszczynska, M. (2015). Algorithmic Self-Governance and the Design of Socio-Technical Systems. Proceedings of the European Conference on Social Intelligence (ECSI-2014). <em>Barcelona, Spain,<\/em> November 3-5, 2014. (ed.A. Herzig, E. Lorini). CEUR, ISSN 1613-0073, vol-1283, urn:nbn:de:0074-1283-4.<\/span><\/p>\n<p><span style=\"font-family: georgia, palatino, serif\">Nowak, A., Ziembowicz, K., Zab\u0142ocka-Bursa, A., Bartkowski, W. (2015). Wp\u0142yw spo\u0142eczny z perspektywy obiektu wp\u0142ywu &#8211; teoria i modele symulacyjne. <em>Psychologia Spo\u0142eczna.<\/em><\/span><\/p>\n<p><span style=\"font-family: georgia, palatino, serif\">Zab\u0142ocka-Bursa, A., Nowak, A. (2015) Efekt kuli \u015bnie\u017cnej: Historia powstania wzajemnie ucz\u0105cej si\u0119 spo\u0142eczno\u015bci nauczycieli. [w:] A. Nowak, K. Winkowska-Nowak, K. Pobiega (red.), <em>Wsparcie sieci lider\u00f3w TIK w szko\u0142ach.<\/em> Warszawa, s. 18-28<\/span><\/p>\n<p><span style=\"font-family: georgia, palatino, serif\">Zab\u0142ocka-Bursa, A., Nowak, A. (2015) Geneza ROSE \u2013 Sk\u0105d wzi\u0105\u0142 si\u0119 pomys\u0142 i po co to wszystko\u2026 [w:] A. Nowak, K. Winkowska-Nowak, K. Pobiega (red.), <em>Wsparcie sieci lider\u00f3w TIK w szko\u0142ach. Warszawa,<\/em> s. 7-17<\/span><\/p>\n<p><span style=\"font-family: georgia, palatino, serif\">Nowak, A., Rychwalska, A., &amp; Szamrej, J. (2014). Social, Psychological and Technological Determinants of Energy Use. <em>IEEE Technology and Society Magazine<\/em>, 33(3), 42-47. ISSN: 0278-0097<\/span><\/p>\n<p><span style=\"font-family: georgia, palatino, serif\">Wong, A. E., Vallacher, R. R., &amp; Nowak, A. (2014). <a href=\"https:\/\/www.academia.edu\/24333873\/Fractal_dynamics_in_self-evaluation_reveal_self-concept_clarity\">Fractal dynamics in self-evaluation reveal self-concept clarity.<\/a><em> Nonlinear dynamics, psychology, and life sciences,<\/em> 18, 349-369.<\/span><\/p>\n<p><span style=\"font-family: georgia, palatino, serif\">Zab\u0142ocka-Bursa, A., Winkowska-Nowak, K., Nowak, A. (2014).<a href=\"http:\/\/www.studiapsychologiczne.pl\/Cooperation-through-education-impact-of-cooperation-based-training-on-social-capital-growth-in-teachers-community,61303,0,2.html\"> Kooperacja przez edukacj\u0119: Wp\u0142yw szkole\u0144 opartych na wsp\u00f3\u0142pracy na wzrost kapita\u0142u spo\u0142ecznego nauczycieli.<\/a> <em>Studia Psychologiczne.<\/em> t. 52, z. 4, s. 7\u201320;\u00a0 \u00a0 \u00a0 \u00a0 \u00a0 \u00a0 \u00a0 \u00a0 \u00a0 \u00a0 \u00a0 DOI: 10.2478\/V10167-010-0094-4<\/span><\/p>\n<p><span style=\"font-family: georgia, palatino, serif\">Nowak, A. Winkowska-Nowak, K.&amp; Bree . D. (red.) (2013).<em> Complex human dynamics: From minds to societies.<\/em> Berlin: Springer Verglag.<\/span><\/p>\n<p><span style=\"font-family: georgia, palatino, serif\">Nowak, A., Vallacher, R. R., Strawinska, U., &amp;\u00a0 Bree, D. S. (2013). Dynamical social psychology: An introduction. In A. Nowak, K. Winkowska-Nowak, &amp;amp; D. S. Bree (Eds.), <em>Complex human dynamics: From minds to societies <\/em>(pp. 1-19). Berlin: Springer-Verlag.<\/span><\/p>\n<p><span style=\"font-family: georgia, palatino, serif\">De Raad, W.E., Nowak, A., Borkowski, W. (2013). Modeling dynamics of multicultural integration and conflict. In M. Gelfand and K. Sycara (Eds.), <em>Modeling Dynamics of Multicultural Integration and Conflict<\/em> (pp 183-197). New York: Springer.<\/span><\/p>\n<p><span style=\"font-family: georgia, palatino, serif\">Nowak, A., Ormerod, P., Borkowski, W. (2013). <a href=\"https:\/\/link.springer.com\/chapter\/10.1007\/978-3-319-03473-7_25\">Self-image and the Emergence of Brand Loyalty in Networked Markets.<\/a> In<em> Complex Sciences,<\/em> 281-290.<\/span><\/p>\n<p><span style=\"font-family: georgia, palatino, serif\">Ziembowicz, M., Nowak, A., Winkielman, P. (2013). <a href=\"http:\/\/psy2.ucsd.edu\/~pwinkiel\/ziembowicz-nowak-winkielman_coherence_Cognition-2013.pdf\">When sounds look right and images sound correct: Cross-modal coherence enhances claims of pattern presence<\/a>. <em>Cognition<\/em> 129 (2), 273-278.<\/span><\/p>\n<p><span style=\"font-family: georgia, palatino, serif\">Nowak, A., Bartkowski, W., Samson, K., Rychwalska, A., Kacprzyk,M., Roszczynska, M., Jagielska, M. (2013). No Need For Speed: Modeling Trend Adoption In A Heterogeneous Population. <em>Advances in Complex Systems 16\u00a0<\/em> (04n05)\u00a0<a href=\"http:\/\/www.worldscientific.com\/doi\/abs\/10.1142\/S0219525913500252\"> http:\/\/www.worldscientific.com\/doi\/abs\/10.1142\/S0219525913500252<\/a><\/span><\/p>\n<p><span style=\"font-family: georgia, palatino, serif\">Jeremy, P., Bourazeri, A., Nowak, A., Roszczynska-Kurasinska, M.,Rychwalska, A., Rodriguez Santiago, I., Lopez-Sanchez, M., Florea, M., Sanduleac, M. (2013). Transforming Big Data into Collective Awareness. <em>Computer<\/em> 46(6),<\/span><br \/>\n<span style=\"font-family: georgia, palatino, serif\">40-45.<\/span><\/p>\n<p><span style=\"font-family: georgia, palatino, serif\">Nowak, A., Rychwalska, A., &amp; Borkowski, W. (2013). <a href=\"http:\/\/jasss.soc.surrey.ac.uk\/16\/3\/12.html.bak\">Why Simulate? To Develop a Mental Model.<\/a><em>\u00a0Journal of Artificial Societies &amp;amp; Social Simulation,<\/em>\u00a016(3), 17\u201317.<\/span><\/p>\n<p><span style=\"font-family: georgia, palatino, serif\">Nowak, A. &amp;\u00a0 Kacprzyk, M. (2012). Handel uliczny jako przestrze\u0144 interakcji. In: A. Wasilkowska (Ed.) <em>Shadow Architecture\/Architektura Cienia,<\/em> pp. 240-258. Fundacja Inna Przestrze\u0144.<\/span><\/p>\n<p><span style=\"font-family: georgia, palatino, serif\">Nowak, A., Vallacher, R. R., &amp; Zochowski, M. (2002). The emergence of personality: Personal stability through interpersonal synchronization. In D. Cervone &amp; W. Mischel (Eds.), <i>Advances in personality science<\/i> (Vol. 1, pp. 292-331). New York: Guilford Publications.<\/span><\/p>\n<p><span style=\"font-family: georgia, palatino, serif\">Nowak, A., Vallacher, R. R., Tesser, A., &amp; Borkowski, W. (2000). <a href=\"https:\/\/pdfs.semanticscholar.org\/362a\/be1228880825280117214d8b0f0bc7bafbb8.pdf\">Society of self: The emergence of collective properties in self-structure.<\/a> <i>Psychological Review, 107,<\/i> 39-61.<\/span><\/p>\n<p><span style=\"font-family: georgia, palatino, serif\">Zarycki, Tomasz and Andrzej Nowak (2000)\u00a0Hidden dimensions: the stability and structure of regional political cleavages in Poland,\u00a0<a href=\"http:\/\/dx.doi.org\/10.1016\/S0967-067X(00)00010-6\"><em>Communist and Post-Communist Studies<\/em>. Vol. 33, 3,<\/a>\u00a0p. 331-354.<\/span><\/p>\n<p><span style=\"font-family: georgia, palatino, serif\">Nowak Andrzej, Marek Ku\u015b, Jakub Urbaniak &amp; Tomasz Zarycki (2000)\u00a0Simulating the coordination of individual economic decisions,\u00a0<a href=\"http:\/\/dx.doi.org\/10.1016\/S0378-4371(00)00397-6\"><em>Physica A<\/em>, 287<\/a>, pp. 613-630.<\/span><\/p>\n<p><span style=\"font-family: georgia, palatino, serif\">Nowak, A., &amp; Vallacher, R. R. (1998). <i>Dynamical social psychology.<\/i> NY:<a href=\"https:\/\/www.guilford.com\/books\/Dynamical-Social-Psychology\/Nowak-Vallacher\/9781572303539\/reviews\"> Guilford Publications.<\/a><\/span><\/p>\n<h4><span style=\"font-family: georgia, palatino, serif\">BADANIA\/RESEARCH<\/span><\/h4>\n<p><span style=\"font-family: georgia, palatino, serif\"><span class=\"su-highlight\" style=\"background:#ddff99;color:#000000\">&nbsp;Qlectives&nbsp;<\/span> <strong>\u2013 <a href=\"http:\/\/iss.uw.edu.pl\/projekty-obuz-qlectives\/\" target=\"_blank\" rel=\"noopener noreferrer\">Spo\u0142ecznie inteligentne systemy dla wytwarzania jako\u015bci<\/a> (Socially Intelligent Systems for Quality)<\/strong><\/span><\/p>\n<p><span style=\"font-family: georgia, palatino, serif\"><span class=\"su-highlight\" style=\"background:#ddff99;color:#000000\">&nbsp;Asysst&nbsp;<\/span> <strong>\u2013 <a href=\"http:\/\/iss.uw.edu.pl\/projekty-obuz-asysst\/\" target=\"_blank\" rel=\"noopener noreferrer\">Action For The Science Of Complex Systems And Socially Intelligent ICT<\/a><\/strong><\/span><\/p>\n<p><span style=\"font-family: georgia, palatino, serif\"><span class=\"su-highlight\" style=\"background:#ddff99;color:#000000\">&nbsp;ICTeCollective&nbsp;<\/span> <strong>\u2013 <a href=\"http:\/\/iss.uw.edu.pl\/projekty-obuz-ictecollective\/\" target=\"_blank\" rel=\"noopener noreferrer\">Sterowanie kolektywnymi zachowaniami spo\u0142ecznymi zachodz\u0105cymi dzi\u0119ki technologiom informacyjnym<\/a> (ICTeCollective \u2013 Harnessing ICT-enabled collective social behaviour)<\/strong><\/span><\/p>\n<p><span style=\"font-family: georgia, palatino, serif\"><span class=\"su-highlight\" style=\"background:#ddff99;color:#000000\">&nbsp;OCOPOMO&nbsp;<\/span> <strong>\u2013 <a href=\"http:\/\/iss.uw.edu.pl\/projekty-obuz-ocopomo\/\" target=\"_blank\" rel=\"noopener noreferrer\">Otwarta wsp\u00f3\u0142praca jako czynnik wspieraj\u0105cy modelowanie polityki <\/a>(Open COllaboration for POlicyMOdelling)<\/strong><\/span><\/p>\n<p><span style=\"font-family: georgia, palatino, serif\"><span class=\"su-highlight\" style=\"background:#ddff99;color:#000000\">&nbsp;Emergence by Design&nbsp;<\/span> <strong>\u2013 Projektowanie zjawisk emergentnych<\/strong><\/span><\/p>\n<p><span style=\"font-family: georgia, palatino, serif\"><span class=\"su-highlight\" style=\"background:#ddff99;color:#000000\">&nbsp;NESS&nbsp;<\/span> <strong>\u2013 Non-Eqilibrium Social Science in ICT and Economics<\/strong><\/span><\/p>","protected":false},"excerpt":{"rendered":"<p>Polish For the sake of viewer convenience, the content is shown below in the alternative language. You may click the link to switch the active language. WYKSZTA\u0141CENIE\/EDUCATION University of Warsaw, psychology Stanford University, 1974-1975 M.A. University of Warsaw, 1978 Educational Testing Service, Princeton, 1979-1980 Ph.D. University of Warsaw, 1987 Habilitation, University of Warsaw, 1996 Full professor, Warsaw, 2004 PUBLIKACJE\/PUBLICATIONS Andrzej Nowak&#8217;s publications in Google Scholar Andrzej Nowak&#8217;s profile at Research [&hellip;]<\/p>\n","protected":false},"author":761,"featured_media":0,"parent":0,"menu_order":0,"comment_status":"closed","ping_status":"closed","template":"","meta":{"_links_to":"","_links_to_target":""},"acf":[],"_links":{"self":[{"href":"http:\/\/iss.uw.edu.pl\/en\/wp-json\/wp\/v2\/pages\/665"}],"collection":[{"href":"http:\/\/iss.uw.edu.pl\/en\/wp-json\/wp\/v2\/pages"}],"about":[{"href":"http:\/\/iss.uw.edu.pl\/en\/wp-json\/wp\/v2\/types\/page"}],"author":[{"embeddable":true,"href":"http:\/\/iss.uw.edu.pl\/en\/wp-json\/wp\/v2\/users\/761"}],"replies":[{"embeddable":true,"href":"http:\/\/iss.uw.edu.pl\/en\/wp-json\/wp\/v2\/comments?post=665"}],"version-history":[{"count":14,"href":"http:\/\/iss.uw.edu.pl\/en\/wp-json\/wp\/v2\/pages\/665\/revisions"}],"predecessor-version":[{"id":9782,"href":"http:\/\/iss.uw.edu.pl\/en\/wp-json\/wp\/v2\/pages\/665\/revisions\/9782"}],"wp:attachment":[{"href":"http:\/\/iss.uw.edu.pl\/en\/wp-json\/wp\/v2\/media?parent=665"}],"curies":[{"name":"wp","href":"https:\/\/api.w.org\/{rel}","templated":true}]}}