{"id":680,"date":"2018-02-13T14:05:40","date_gmt":"2018-02-13T13:05:40","guid":{"rendered":"http:\/\/iss.strony.uw.edu.pl\/?page_id=680"},"modified":"2020-04-15T12:43:18","modified_gmt":"2020-04-15T10:43:18","slug":"karolina-ziembowicz-lisiecka","status":"publish","type":"page","link":"http:\/\/iss.uw.edu.pl\/en\/karolina-ziembowicz-lisiecka\/","title":{"rendered":"Karolina Ziembowicz (Lisiecka)"},"content":{"rendered":"<p class=\"qtranxs-available-languages-message qtranxs-available-languages-message-en\"><a href=\"http:\/\/iss.uw.edu.pl\/pl\/wp-json\/wp\/v2\/pages\/680\" class=\"qtranxs-available-language-link qtranxs-available-language-link-pl\" title=\"Polski\">Polish<\/a> For the sake of viewer convenience, the content is shown below in the alternative language. You may click the link to switch the active language.<\/p><p><span style=\"font-family: georgia, palatino, serif\"><div class=\"su-box su-box-style-soft\" id=\"\" style=\"border-color:#000000;border-radius:3px\"><div class=\"su-box-title\" style=\"background-color:#333333;color:#FFFFFF;border-top-left-radius:1px;border-top-right-radius:1px\">Dr Karolina Ziembowicz (Lisiecka)<\/div><div class=\"su-box-content su-u-clearfix su-u-trim\" style=\"border-bottom-left-radius:1px;border-bottom-right-radius:1px\"><\/span><\/p>\n<p><span style=\"font-family: georgia, palatino, serif\"><img loading=\"lazy\" class=\"size-full wp-image-681 alignleft\" src=\"http:\/\/iss.uw.edu.pl\/wp-content\/uploads\/sites\/286\/2018\/02\/karolina_zl.jpg\" alt=\"\" width=\"176\" height=\"200\" \/><\/span><\/p>\n<h6><span style=\"font-family: georgia, palatino, serif\">STANOWISKO\/POSITION<\/span><\/h6>\n<p><span style=\"font-family: georgia, palatino, serif\">asystent naukowy\/ research assistant<\/span><\/p>\n<p><span style=\"font-family: georgia, palatino, serif\">Cz\u0142onek <a title=\"O\u015brodek Badania Uk\u0142ad\u00f3w Z\u0142o\u017conych i Nowych Technologii\" href=\"http:\/\/iss.uw.edu.pl\/osrodek-badania-ukladow-zlozonych-i-nowych-technologii\/\">O\u015brodka Bada\u0144 Uk\u0142ad\u00f3w Z\u0142o\u017conych i Nowych Technologii<\/a> ISS.<\/span><br \/>\n<span style=\"font-family: georgia, palatino, serif\">Member of the <a href=\"http:\/\/iss.uw.edu.pl\/osrodek-badania-ukladow-zlozonych-i-nowych-technologii\/\">Center for Complex Systems and New Technologies<\/a> ISS.<\/span><\/p>\n<h6><span style=\"font-family: georgia, palatino, serif\">ZAINTERESOWANIA BADAWCZE\/RESEARCH INTERESTS<\/span><\/h6>\n<p><span style=\"font-family: georgia, palatino, serif\">Dynamika interakcji spo\u0142ecznej w ma\u0142ej grupie, empiryczne badanie proces\u00f3w emergencji spo\u0142ecznej, wzorce koordynacji w grupie, struktura zabierania g\u0142osu, dynamika zespo\u0142\u00f3w komunikuj\u0105cych si\u0119 za po\u015brednictwem medi\u00f3w synchronicznych<\/span><\/p>\n<p><span style=\"font-family: georgia, palatino, serif\">Dynamics of the social interaction in small groups, empirical study of social emergence processes, patterns of coordination in groups, turn-taking structure, dynamics of teams communicating through synchronous media.<\/span><\/p>\n<p><span style=\"font-family: georgia, palatino, serif\">klisiecka@gmail.com<\/span><\/p>\n<p><span style=\"font-family: georgia, palatino, serif\"><\/div><\/div><\/span><\/p>\n<h4><span style=\"font-family: georgia, palatino, serif\">WYKSZTA\u0141CENIE\/EDUCATION<\/span><\/h4>\n<p><span style=\"font-family: georgia, palatino, serif\">Doktorat: Wydzia\u0142 Psychologii Uniwersytet Warszawski (2016)<\/span><br \/>\n<span style=\"font-family: georgia, palatino, serif\">Magisterium: Wydzia\u0142 Psychologii Uniwersytet Warszawski (2004)<\/span><\/p>\n<p><span style=\"font-family: georgia, palatino, serif\">PhD (2016): Faculty of Psychology University of Warsaw<\/span><br \/>\n<span style=\"font-family: georgia, palatino, serif\">MA (2004): Faculty of Psychology University of Warsaw<\/span><\/p>\n<h4><span style=\"font-family: georgia, palatino, serif\">BADANIA\/RESEARCH<\/span><\/h4>\n<p><span style=\"font-family: georgia, palatino, serif\"><strong>Granty zdobyte<\/strong><\/span><\/p>\n<p><span style=\"font-family: georgia, palatino, serif\">Grant NCN: <em>Dynamika interakcji w zespo\u0142ach zadaniowych komunikuja\u0328cych sie\u0328 za pos\u0301rednictwem synchronicznych medio\u0301w komputerowych<\/em> (kier. Karolina Lisiecka)<\/span><\/p>\n<p><span style=\"font-family: georgia, palatino, serif\"><strong>Udzia\u0142 w grantach<\/strong><\/span><\/p>\n<p><span style=\"font-family: georgia, palatino, serif\"><strong>Granty polskie (fundowane przez NCN)<\/strong>: Regulacyjna Teoria wp\u0142ywu Spo\u0142ecznego (kier. prof. Andrzej Nowak); Synchronizacja w grupach spo\u0142ecznych (kier. prof. Andrzej Nowak)<\/span><\/p>\n<p><span style=\"font-family: georgia, palatino, serif\"><strong>Granty europejskie: <\/strong>Common Complex Collective Phenomena in Statistical Mechanics, Society, Economics, and Biology- CO3; ICTeCollectve Harnessing ICT-enabled Collective Social Behavior; Emergence by Design (MD), General Integration of the Applications of Complexity in Science \u2013 GIACS<\/span><\/p>\n<h4><span style=\"font-family: georgia, palatino, serif\">PUBLIKACJE\/PUBLICATIONS<\/span><\/h4>\n<p><span style=\"font-family: georgia, palatino, serif\">Ziembowicz, K., &amp; Nowak, A. (2018). <a href=\"https:\/\/www.researchgate.net\/publication\/329813442_Prosody_of_Text_Communication_How_to_Induce_Synchronization_and_Coherence_in_Chat_Conversations\">Prosody of Text Communication? How to Induce Synchronization and Coherence in Chat Conversations.<\/a> <i>International Journal of Human\u2013Computer Interaction<\/i>, 1-10.<\/span><\/p>\n<p><span style=\"font-family: georgia, palatino, serif\">Lisiecka, K., Rychwalska, A., Samson, K., \u0141ucznik, K., Ziembowicz, M., Szostek, A., &amp; Nowak, A. (2016). <a href=\"http:\/\/journals.plos.org\/plosone\/article?id=10.1371\/journal.pone.0157827\">Medium Moderates the Message. How Users Adjust Their Communication Trajectories to Different Media in Collaborative Task Solving. <em>PloS one<\/em>, <em>11<\/em>(6), e0157827.<\/a><\/span><\/p>\n<p><span style=\"font-family: georgia, palatino, serif\">Nowak, A., Ziembowicz, K., Zab\u0142ocka-Bursa, A. &amp; Bartkowski, W., (2015). Wp\u0142yw spo\u0142eczny z perspektywy obiektu wp\u0142ywu: teoria i modele symulacyjne. <a href=\"https:\/\/www.ceeol.com\/search\/article-detail?id=294052\"><em>Psychologia Spo\u0142eczna<\/em>, 3 (34), 296-309.<\/a><\/span><\/p>\n<p><span style=\"font-family: georgia, palatino, serif\">Lisiecka, K. (2013). Group as a unit of analysis. (In:) Nowak, A., Winkowska-Nowak, K., Bree, D. (eds.) <a href=\"http:\/\/Complex%20Human Dynamics (pp. 209-225). Springer Berlin Heidelberg.\"><em>Complex Human Dynamics <\/em>(pp. 209-225). Springer Berlin Heidelberg.<\/a><\/span><\/p>\n<p><span style=\"font-family: georgia, palatino, serif\">Nowak, A., Samson, K., Lisiecka, K., &amp; Ziembowicz, M. (2011). Lovely weather, isn\u2019t it? On the social dynamics of quality judgment. <em> Mind and Society.<a href=\"https:\/\/link.springer.com\/article\/10.1007\/s11299-011-0088-3\"> A Journal of Cognitive and Epistemological Studies and Social Sciences<\/a><\/em><a href=\"https:\/\/link.springer.com\/article\/10.1007\/s11299-011-0088-3\">, <em>10<\/em>(2), 193-201.<\/a><\/span><\/p>\n<p><span style=\"font-family: georgia, palatino, serif\">Lisiecka, K. (2007) Fraktalna wyobra\u017ania wzrokowa. [W:] Winkowska-Nowak, K., Rychwalska, A. (red.) Modelowanie matematyczne i symulacje komputerowe w naukach spo\u0142ecznych \u2013podr\u0119cznik dla student\u00f3w I roku.<\/span><\/p>\n<p>&nbsp;<\/p>\n<h4><span style=\"font-family: georgia, palatino, serif\">WYST\u0104PIENIA KONFERENCYJNE\/ CONFERENCE PAPERS<\/span><\/h4>\n<p><span style=\"font-family: georgia, palatino, serif\">Lisiecka, K. (2015). \u201cThe structure of turn-taking in small group discussion\u201d SYNCHRONIZATION Conference, Warsaw, Poland.<\/span><\/p>\n<p><span style=\"font-family: georgia, palatino, serif\">Lisiecka, K. (2013). Interaction dynamics in teams communicating through synchronous ICT-based media. Complexity of Large Scale Phenomenon Conference.<\/span><\/p>\n<p><span style=\"font-family: georgia, palatino, serif\">Lisiecka, K. (2013). Dynamika interakcji w zespo\u0142ach zadaniowych komunikuj\u0105cych si\u0119 za po\u015brednictwem synchronicznych medi\u00f3w komputerowych. Peripatetic Conference in Cognitive Systems and Dynamic Psycholinguistics, Zakopane.<\/span><\/p>\n<p><span style=\"font-family: georgia, palatino, serif\">Rychwalska, A., Samson, K., Lisiecka, K., Roszczy\u0144ska-Kurasi\u0144ska, M., Kacprzyk, M., Go\u0142\u0105b, P., and Nowak A. (2013). When you should not trust? Modeling the role of coherence in groupthink phenomena ECCS.<\/span><\/p>\n<p><span style=\"font-family: georgia, palatino, serif\">Nowak, A. Borkowski, W., Kania, J., Kulesza, W., Lisiecka, K. &amp; Szostek A. (2012) Interpersonal synchrony, dynamical view of social relations: Computational model and empirical data. PRECONFERENCE: Dynamical Systems and Computational Modeling in Social Psychology, Society for Personality and Social Psychology Meeting<\/span><\/p>\n<p><span style=\"font-family: georgia, palatino, serif\">Lisiecka, K., Samson, K., Ziembowicz, M., Nowak, A. (2011) \u201cSocial dynamics of ICT-mediated interaction\u201d ECCS 2011, Vienna, Austria.<\/span><\/p>\n<p><span style=\"font-family: georgia, palatino, serif\">Nowak, A., Lisiecka, K., Samson, K. &amp; Ziembowicz, M. (2010) The dynamics of quality negotiations. (Poster) Different Perspectives on Personality Psychology Conference. Jadwisin, Polska.<\/span><\/p>\n<p><span style=\"font-family: georgia, palatino, serif\">Nowak, A., Lisiecka, K., Samson, K. and Ziembowicz, M. (2010) <em>The dynamics of quality negotiations<\/em>. (poster) European Conference on Complex Systems (ECCS). Lisbon, Portugal.<\/span><\/p>\n<p><span style=\"font-family: georgia, palatino, serif\">Lisiecka, K. (2008). Nowak-Vallacher&#8217;s Mouse Paradigm &#8211; a tool for measuring the dynamics of thought. 4th European Phd Complexity School, European Conference on Complex Systems (ECCS), Jerusalem, Isreael.<\/span><\/p>\n<p><span style=\"font-family: georgia, palatino, serif\">Lisiecka, K. Ziembowicz, M. (2007) Measuring the stream of consciousness \u2013 Vallacher and Nowak\u2019s Mouse Paradigm (referat) Quality Of Actions For Human Development, REAS conference, Zagrzeb, Chorwacja.<\/span><\/p>\n<p><span style=\"font-family: georgia, palatino, serif\">Nowak, A., Lisiecka, K., Ziembowicz, M., Grunt Mejer, K., <em>Group as a dynamical system.<\/em> (referat) Society of Experimental Social Psychology Preconference \u201cNew Directions in Group Research\u201d 11 pa\u017adziernika, 2007, Chicago<\/span><\/p>\n<p><span style=\"font-family: georgia, palatino, serif\">Lisiecka, K, Nowak, A. (2007) <em>How come I<\/em> <em>know that I will fail? An intellectual helplessness model of gender differences in spatial abilities<\/em>, (poster) The second Warsaw-Jena seminar on victim\/perpetrator relations in a changing Europe: Prejudice escalation and prejudice reduction, 13-15 kwietnia 2007, Warszawa<\/span><\/p>\n<p><span style=\"font-family: georgia, palatino, serif\">Lisiecka, K. Sty\u0142a R., Ziembowicz M. (2007) <em>Mouse Paradigm \u2013 capturing stream of consciousness,<\/em>(referat) post-IACM (The International Association for Conflict Management) meeting on Dynamical Systems and Conflict, Budapest, Hungary<\/span><\/p>\n<p><span style=\"font-family: georgia, palatino, serif\">Borkowski, W., Lisiecka, K., Nowak, A. <em>How fittest becomes intractable \u2013 evolutionary perspective on conflict <\/em>(poster). \u201cDynamics and complexity of intractable conflicts\u201d, Kazimierz Dolny, 19-22 pa\u017adziernika, 2006<\/span><\/p>\n<p><span style=\"font-family: georgia, palatino, serif\">Lisiecka, K. (2006). Gender differences in spatial skills \u2013 a learned helplessness model; and Iterated Function Systems as a metaphor for coding images in the brain (referat). \u201cWorkshop on Agent-Based Modeling of Socio-Economic Systems (with Direct and Indirect Interactions)\u201d, Turyn, W\u0142ochy<\/span><\/p>\n<p><span style=\"font-family: georgia, palatino, serif\">Udzia\u0142 i wsp\u00f3\u0142organizacja konferencji: \u201cLanguage simulations\u201d, Uniwersytet Warszawski, 11-14 wrze\u015bnia 2006<\/span><\/p>\n<p><span style=\"font-family: georgia, palatino, serif\">Udzia\u0142 i wsp\u00f3\u0142organizacja konferencji: \u201cCo3 meeting\u201d, Uniwersytet Warszawski, 14-15 wrze\u015bnia 2006<\/span><\/p>","protected":false},"excerpt":{"rendered":"<p>Polish For the sake of viewer convenience, the content is shown below in the alternative language. You may click the link to switch the active language. WYKSZTA\u0141CENIE\/EDUCATION Doktorat: Wydzia\u0142 Psychologii Uniwersytet Warszawski (2016) Magisterium: Wydzia\u0142 Psychologii Uniwersytet Warszawski (2004) PhD (2016): Faculty of Psychology University of Warsaw MA (2004): Faculty of Psychology University of Warsaw BADANIA\/RESEARCH Granty zdobyte Grant NCN: Dynamika interakcji w zespo\u0142ach zadaniowych komunikuja\u0328cych sie\u0328 za pos\u0301rednictwem synchronicznych [&hellip;]<\/p>\n","protected":false},"author":761,"featured_media":0,"parent":0,"menu_order":0,"comment_status":"closed","ping_status":"closed","template":"","meta":{"_links_to":"","_links_to_target":""},"acf":[],"_links":{"self":[{"href":"http:\/\/iss.uw.edu.pl\/en\/wp-json\/wp\/v2\/pages\/680"}],"collection":[{"href":"http:\/\/iss.uw.edu.pl\/en\/wp-json\/wp\/v2\/pages"}],"about":[{"href":"http:\/\/iss.uw.edu.pl\/en\/wp-json\/wp\/v2\/types\/page"}],"author":[{"embeddable":true,"href":"http:\/\/iss.uw.edu.pl\/en\/wp-json\/wp\/v2\/users\/761"}],"replies":[{"embeddable":true,"href":"http:\/\/iss.uw.edu.pl\/en\/wp-json\/wp\/v2\/comments?post=680"}],"version-history":[{"count":6,"href":"http:\/\/iss.uw.edu.pl\/en\/wp-json\/wp\/v2\/pages\/680\/revisions"}],"predecessor-version":[{"id":9790,"href":"http:\/\/iss.uw.edu.pl\/en\/wp-json\/wp\/v2\/pages\/680\/revisions\/9790"}],"wp:attachment":[{"href":"http:\/\/iss.uw.edu.pl\/en\/wp-json\/wp\/v2\/media?parent=680"}],"curies":[{"name":"wp","href":"https:\/\/api.w.org\/{rel}","templated":true}]}}