{"id":778,"date":"2018-02-19T20:32:42","date_gmt":"2018-02-19T19:32:42","guid":{"rendered":"http:\/\/iss.strony.uw.edu.pl\/?page_id=778"},"modified":"2019-01-10T12:07:30","modified_gmt":"2019-01-10T11:07:30","slug":"dualnosc-peryferyjnego-systemu-nauki","status":"publish","type":"page","link":"http:\/\/iss.uw.edu.pl\/en\/dualnosc-peryferyjnego-systemu-nauki\/","title":{"rendered":"Dualno\u015b\u0107 peryferyjnego systemu nauki"},"content":{"rendered":"<p class=\"qtranxs-available-languages-message qtranxs-available-languages-message-en\"><a href=\"http:\/\/iss.uw.edu.pl\/pl\/wp-json\/wp\/v2\/pages\/778\" class=\"qtranxs-available-language-link qtranxs-available-language-link-pl\" title=\"Polski\">Polish<\/a> For the sake of viewer convenience, the content is shown below in the alternative language. You may click the link to switch the active language.<\/p><p><strong>Dualno\u015b\u0107 peryferyjnego systemu nauki: studium przypadku nauk politycznych w Polsce<\/strong><\/p>\n<p><strong>(Duality of the peripheral science system: case study of the political science in Poland)<\/strong><\/p>\n<p>Projekt badawczy realizowany w ISS UW pod kierunkiem\u00a0<a title=\"dr hab. Tomasz Zarycki, prof. UW\" href=\"http:\/\/iss.uw.edu.pl\/tomasz-zarycki\/\">Tomasza Zaryckiego<\/a>:<\/p>\n<p><span style=\"text-decoration: underline\">Kr\u00f3tki opis:<\/span><\/p>\n<p>Celem projektu jest opracowanie modelu produkcji wiedzy z zakresu nauk spo\u0142ecznych w warunkach peryferyjnych.\u00a0 Szczeg\u00f3lnym polem poddanym badaniom s\u0105 nauki polityczne za\u015b g\u0142\u00f3wnym studium przypadku nauki polityczne w Polsce. Badania z\u0142o\u017c\u0105 si\u0119 na stworzenie innowacyjnego dla socjologii wiedzy modelu spo\u0142ecznych warunk\u00f3w wytwarzania wiedzy i wyja\u015bniania odmienno\u015bci i pozornych dysfunkcjonalno\u015bci systemu nauki w peryferyjnych w stosunku do zachodniego rdzenia \u2013 g\u0142\u00f3wnego punktu odniesienia normatywnych wizji funkcjonowania instytucji akademickich oraz dominuj\u0105cych modeli \u015bwiata spo\u0142ecznego.<\/p>\n<p><span style=\"text-decoration: underline\">Publikacje:<\/span><\/p>\n<ul>\n<li>Zarycki, Tomasz (2013)<strong>\u00a0<a href=\"http:\/\/www.iss.uw.edu.pl\/zarycki\/pdf\/peryferyjna-dualnosc.pdf\">Polskie nauki spo\u0142eczne w \u015bwietle hipotezy peryferyjnej dualno\u015bci<\/a><\/strong>,\u00a0<em>Zagadnienia Naukoznawstwa<\/em>, no.1 (195), s. 67-88.<\/li>\n<\/ul>\n<p><\/p>","protected":false},"excerpt":{"rendered":"<p>Polish For the sake of viewer convenience, the content is shown below in the alternative language. You may click the link to switch the active language.Dualno\u015b\u0107 peryferyjnego systemu nauki: studium przypadku nauk politycznych w Polsce (Duality of the peripheral science system: case study of the political science in Poland) Projekt badawczy realizowany w ISS UW pod kierunkiem\u00a0Tomasza Zaryckiego: Kr\u00f3tki opis: Celem projektu jest opracowanie modelu produkcji wiedzy z zakresu nauk [&hellip;]<\/p>\n","protected":false},"author":761,"featured_media":0,"parent":0,"menu_order":0,"comment_status":"closed","ping_status":"closed","template":"","meta":{"_links_to":"","_links_to_target":""},"acf":[],"_links":{"self":[{"href":"http:\/\/iss.uw.edu.pl\/en\/wp-json\/wp\/v2\/pages\/778"}],"collection":[{"href":"http:\/\/iss.uw.edu.pl\/en\/wp-json\/wp\/v2\/pages"}],"about":[{"href":"http:\/\/iss.uw.edu.pl\/en\/wp-json\/wp\/v2\/types\/page"}],"author":[{"embeddable":true,"href":"http:\/\/iss.uw.edu.pl\/en\/wp-json\/wp\/v2\/users\/761"}],"replies":[{"embeddable":true,"href":"http:\/\/iss.uw.edu.pl\/en\/wp-json\/wp\/v2\/comments?post=778"}],"version-history":[{"count":2,"href":"http:\/\/iss.uw.edu.pl\/en\/wp-json\/wp\/v2\/pages\/778\/revisions"}],"predecessor-version":[{"id":8850,"href":"http:\/\/iss.uw.edu.pl\/en\/wp-json\/wp\/v2\/pages\/778\/revisions\/8850"}],"wp:attachment":[{"href":"http:\/\/iss.uw.edu.pl\/en\/wp-json\/wp\/v2\/media?parent=778"}],"curies":[{"name":"wp","href":"https:\/\/api.w.org\/{rel}","templated":true}]}}