{"id":78,"date":"2017-12-19T10:09:02","date_gmt":"2017-12-19T09:09:02","guid":{"rendered":"http:\/\/iss.strony.uw.edu.pl\/?page_id=78"},"modified":"2025-06-17T16:42:55","modified_gmt":"2025-06-17T14:42:55","slug":"rada-naukowa-iss","status":"publish","type":"page","link":"http:\/\/iss.uw.edu.pl\/en\/rada-naukowa-iss\/","title":{"rendered":"The Scientific Council"},"content":{"rendered":"<p><\/p>\n<h5><span style=\"font-family: helvetica, arial, sans-serif\">The current members of the ISS Scientific Council (2024-2028):<\/span><\/h5>\n<ol>\n<li><span style=\"font-family: helvetica, arial, sans-serif\">Mgr<strong> Monika Bara\u0144ska,<\/strong> Head, Office of Research Administration, University of Warsaw<\/span><\/li>\n<li><span style=\"font-family: helvetica, arial, sans-serif\">Dr <strong>Izabella Bednarczyk-Bochenek<\/strong>, Director, Digital Competence Centre, University of Warsaw<\/span><\/li>\n<li><span style=\"font-family: helvetica, arial, sans-serif\">Dr hab. <strong>Micha\u0142 Bilewicz <\/strong>prof. ucz.<strong>, <\/strong>Faculty of Psychology, University of Warsaw<\/span><\/li>\n<li><span style=\"font-family: helvetica, arial, sans-serif\">Dr hab. <strong>Miko\u0142aj Cze\u015bnik <\/strong>prof. SWPS<strong>, <\/strong>Director of the Institute of Social Sciences, SWPS University<\/span><strong><br \/>\n<\/strong><\/li>\n<li><span style=\"font-family: helvetica, arial, sans-serif\">Dr hab. <strong>Anna Domaradzka-Wid\u0142a<\/strong>, Director, Robert Zajonc Institute for Social Studies, University of Warsaw<\/span><\/li>\n<li><span style=\"font-family: helvetica, arial, sans-serif\">Prof. dr hab. <strong>Anna Giza-Poleszczuk<\/strong>, Faculty of Sociology, University of Warsaw<\/span><\/li>\n<li><span style=\"font-family: helvetica, arial, sans-serif\">Dr <strong>Aleksandra Go\u0142dys, <\/strong>EIT Climate KIC, Robert Zajonc Institute for Social <span style=\"font-family: arial, helvetica, sans-serif\">Studies, University of Warsaw<\/span><\/span><\/li>\n<li>\n<div style=\"border: 1px solid black;padding: 1px\"><span style=\"font-family: arial, helvetica, sans-serif\">Prof. dr hab. <strong>Janusz Grzelak<\/strong>, Passed away on April, 24 2025<\/span><\/div>\n<\/li>\n<li><span style=\"font-family: helvetica, arial, sans-serif\"><span style=\"font-family: arial, helvetica, sans-serif\">P<\/span>rof. dr hab. <strong>Miko\u0142aj Herbst<\/strong>, EUROREG, University of Warsaw<\/span><\/li>\n<li><span style=\"font-family: helvetica, arial, sans-serif\">Prof. dr hab. <strong>Krystyna Iglicka-Ok\u00f3lska, <\/strong>Faculty of Management, University of Warsaw<br \/>\n<\/span><\/li>\n<li><span style=\"font-family: helvetica, arial, sans-serif\">Dr hab. <strong>Kamil Imbir <\/strong>prof. ucz., Dean, Faculty of Psychology, University of Warsaw<\/span><\/li>\n<li><span style=\"font-family: helvetica, arial, sans-serif\">Dr <strong>Tomasz Jerzy\u0144ski<\/strong>, Robert Zajonc Institute for Social Studies, University of Warsaw<\/span><\/li>\n<li><span style=\"font-family: helvetica, arial, sans-serif\">Prof. dr hab. <strong>Maciej J\u0119drusik<\/strong>, Dean, Faculty of Geography and Regional Studies, University of Warsaw<\/span><\/li>\n<li><span style=\"font-family: helvetica, arial, sans-serif\">Dr hab. <strong>Agnieszka Kacprzak<\/strong> prof. ucz.<strong>, <\/strong>Faculty of Management, University of Warsaw<\/span><\/li>\n<li><span style=\"font-family: helvetica, arial, sans-serif\">Dr hab. <strong>Pawe\u0142 Kaczmarczyk <\/strong>prof. ucz., Director, Center of Migration Research, University of Warsaw, <strong>President of the Scientific Council<\/strong><br \/>\n<\/span><\/li>\n<li><span style=\"font-family: helvetica, arial, sans-serif\">Prof. dr hab. <strong>Miros\u0142aw Kofta<\/strong>, Robert Zajonc Institute for Social Studies, University of Warsaw<\/span><\/li>\n<li><span style=\"font-family: helvetica, arial, sans-serif\">Dr hab. <strong>Piotr Kory\u015b <\/strong>prof. ucz., Faculty of Economic Sciences, University of Warsaw<\/span><\/li>\n<li><span style=\"font-family: helvetica, arial, sans-serif\">Dr hab. <strong>Julia Kubisa<\/strong> prof. ucz., Dean, Faculty of Sociology, University of Warsaw<\/span><\/li>\n<li><span style=\"font-family: helvetica, arial, sans-serif\">Prof. dr hab. <strong>Marek Ku\u015b, <\/strong>Centre for Theoretical \u00a0Physics, PAN<\/span><\/li>\n<li><span style=\"font-family: helvetica, arial, sans-serif\">Prof. dr hab. <strong>Maria Lewicka<\/strong>, Nicolaus Copernicus University in Toru\u0144<\/span><\/li>\n<li><span style=\"font-family: helvetica, arial, sans-serif\">Dr hab. <strong>Miko\u0142aj Lewicki<\/strong>, Faculty of Sociology, University of Warsaw<\/span><\/li>\n<li><span style=\"font-family: helvetica, arial, sans-serif\">Prof. dr hab. <strong>Dominika Maison<\/strong>, Faculty of Psychology, University of Warsaw<\/span><\/li>\n<li><span style=\"font-family: helvetica, arial, sans-serif\">Dr hab. <strong>Marta Marchlewska <\/strong>prof. IP PAN, Institute of Psychology, PAN<\/span><\/li>\n<li><span style=\"font-family: helvetica, arial, sans-serif\">Prof. dr hab. <strong>Andrzej Nowak<\/strong>, Faculty of Psychology, University of Warsaw<\/span><\/li>\n<li><span style=\"font-family: helvetica, arial, sans-serif\">Dr hab. <strong>Agnieszka Olechnicka <\/strong>prof. ucz., Director EUROREG, University of Warsaw<\/span><\/li>\n<li><span style=\"font-family: helvetica, arial, sans-serif\">Dr <strong>Magdalena Roszczy\u0144ska-Kurasi\u0144ska<\/strong>, Deputy Director, Robert Zajonc Institute for Social Studies, University of Warsaw<\/span><\/li>\n<li><span style=\"font-family: helvetica, arial, sans-serif\">Dr <strong>Agnieszka Rychwalska<\/strong>, Robert Zajonc Institute for Social Studies, University of Warsaw<\/span><\/li>\n<li><span style=\"font-family: helvetica, arial, sans-serif\">Prof. dr hab. <strong>Renata Siemie\u0144ska-\u017bochowska<\/strong>, The Maria Grzegorzewska University<\/span><\/li>\n<li><span style=\"font-family: helvetica, arial, sans-serif\">Dr hab. <strong>Maciej Tymi\u0144ski <\/strong>prof. ucz., Faculty of Economic Sciences, University of Warsaw<\/span><\/li>\n<li><span style=\"font-family: helvetica, arial, sans-serif\">Prof. dr hab. <strong>Gra\u017cyna Wieczorkowska-Wierzbi\u0144ska<\/strong>, Faculty of Management, University of Warsaw<\/span><\/li>\n<li><span style=\"font-family: helvetica, arial, sans-serif\">Dr <strong>Anna Wnuk<\/strong>, Faculty of Psychology, University of Warsaw<\/span><\/li>\n<li><span style=\"font-family: helvetica, arial, sans-serif\">Prof. dr hab. <strong>Andrzej Wr\u00f3bel<\/strong>, Nencki Institute of Experimental Biology, PAN<\/span><\/li>\n<li><span style=\"font-family: helvetica, arial, sans-serif\">Prof. dr hab. <strong>Tomasz Zarycki<\/strong>, Deputy Director, Robert Zajonc Institute for Social Studies, University of Warsaw<\/span><\/li>\n<li><span style=\"font-family: helvetica, arial, sans-serif\">Prof. <strong>Genevi\u00e8ve Zubrzycki<\/strong>, Director of the Weiser Center for Europe and Eurasia and the Copernicus Center in Polish Studies at University of Michigan<\/span><\/li>\n<li><span style=\"font-family: helvetica, arial, sans-serif\">Prof. dr hab. <strong>Micha\u0142 \u017bochowski<\/strong>, Professor of Physics and Biophysics, University of Michigan<\/span><\/li>\n<\/ol>\n<div id=\"gtx-anchor\" style=\"width: 886.922px;height: 18px\"><\/div>\n<div class=\"jfk-bubble gtx-bubble\" role=\"alertdialog\" aria-describedby=\"bubble-2\">\n<div id=\"bubble-2\" class=\"jfk-bubble-content-id\">\n<div id=\"gtx-host\" style=\"min-width: 200px;max-width: 400px\"><\/div>\n<\/div>\n<div class=\"jfk-bubble-closebtn-id jfk-bubble-closebtn\" role=\"button\" aria-label=\"Close\"><\/div>\n<div class=\"jfk-bubble-arrow-id jfk-bubble-arrow jfk-bubble-arrowup\">\n<div class=\"jfk-bubble-arrowimplbefore\"><\/div>\n<div class=\"jfk-bubble-arrowimplafter\"><\/div>\n<\/div>\n<\/div>\n<p><\/p>","protected":false},"excerpt":{"rendered":"<p>The current members of the ISS Scientific Council (2024-2028): Mgr Monika Bara\u0144ska, Head, Office of Research Administration, University of Warsaw Dr Izabella Bednarczyk-Bochenek, Director, Digital Competence Centre, University of Warsaw Dr hab. Micha\u0142 Bilewicz prof. ucz., Faculty of Psychology, University of Warsaw Dr hab. Miko\u0142aj Cze\u015bnik prof. SWPS, Director of the Institute of Social Sciences, SWPS University Dr hab. Anna Domaradzka-Wid\u0142a, Director, Robert Zajonc Institute for Social Studies, University of [&hellip;]<\/p>\n","protected":false},"author":761,"featured_media":0,"parent":0,"menu_order":0,"comment_status":"closed","ping_status":"closed","template":"","meta":{"_links_to":"","_links_to_target":""},"acf":[],"_links":{"self":[{"href":"http:\/\/iss.uw.edu.pl\/en\/wp-json\/wp\/v2\/pages\/78"}],"collection":[{"href":"http:\/\/iss.uw.edu.pl\/en\/wp-json\/wp\/v2\/pages"}],"about":[{"href":"http:\/\/iss.uw.edu.pl\/en\/wp-json\/wp\/v2\/types\/page"}],"author":[{"embeddable":true,"href":"http:\/\/iss.uw.edu.pl\/en\/wp-json\/wp\/v2\/users\/761"}],"replies":[{"embeddable":true,"href":"http:\/\/iss.uw.edu.pl\/en\/wp-json\/wp\/v2\/comments?post=78"}],"version-history":[{"count":32,"href":"http:\/\/iss.uw.edu.pl\/en\/wp-json\/wp\/v2\/pages\/78\/revisions"}],"predecessor-version":[{"id":13595,"href":"http:\/\/iss.uw.edu.pl\/en\/wp-json\/wp\/v2\/pages\/78\/revisions\/13595"}],"wp:attachment":[{"href":"http:\/\/iss.uw.edu.pl\/en\/wp-json\/wp\/v2\/media?parent=78"}],"curies":[{"name":"wp","href":"https:\/\/api.w.org\/{rel}","templated":true}]}}