{"id":9032,"date":"2019-05-11T18:59:57","date_gmt":"2019-05-11T16:59:57","guid":{"rendered":"http:\/\/iss.uw.edu.pl\/?page_id=9032"},"modified":"2025-09-22T11:04:25","modified_gmt":"2025-09-22T09:04:25","slug":"rewolucja-ktorej-nie-bylo-mobilizacja-rewolucyjna-i-procesy-panstwotworcze-na-poimperialnych-pograniczach-polska-i-finlandia-na-tle-porownawczym-1905-1921","status":"publish","type":"page","link":"http:\/\/iss.uw.edu.pl\/en\/rewolucja-ktorej-nie-bylo-mobilizacja-rewolucyjna-i-procesy-panstwotworcze-na-poimperialnych-pograniczach-polska-i-finlandia-na-tle-porownawczym-1905-1921\/","title":{"rendered":"The Revolution That Did Not Happen. Rebellion and Reaction in the Post-Imperial Borderlands 1905-1921: Poland in Asymmetrical Comparison"},"content":{"rendered":"<p><\/p>\n<p style=\"text-align: justify\"><span style=\"font-family: georgia, palatino, serif\">Research project financed by National Science Center (NCN), (OPUS nr 2017\/27\/B\/HS6\/00098), 2018-2022.<\/span><\/p>\n<p><span style=\"font-family: georgia, palatino, serif\">The Revolution That Did Not Happen. Rebellion and Reaction in the Post-Imperial Borderlands 1905-1921: Poland in Asymmetrical Comparison<\/span><\/p>\n<p><span style=\"font-family: georgia, palatino, serif\">In Institute for Social Studies I investigate rebellion and reaction in the post-imperial borderlands between 1905 and 1921. Comparing Poland, Finland and other borderland regions of the Russian Empire I ask about revolutions that succeeded, failed or did not happen at all against the backdrop of nation building and state-crafting in the region.\u00a0Russian Poland was among the most militant tsarist borderlands during the 1905-1907 Revolution. Harboring long-lasting strikes and breeding bellicose street fighters, Poland witnessed an unprecedented political upheaval manifest in the emergence of mass parties, labor unions and a new public culture. However, only a decade later, when revolutionary movements again loomed large and shook the whole region, Poland remained relatively calm. Forging a new statehood rivaled the earlier popular drive toward social revolution. Despite the Bolsheviks\u2019 march on Warsaw to spread the socialist revolution westwards, the popular mood stuck with national unity. Polish popular classes stood almost unanimously on the side of the Polish nation state, even after it failed to deliver its promise to be a socialist-leaning one. What then were the processes responsible for the withering-away of social-revolutionary tendencies?<\/span><\/p>\n<p><span style=\"font-family: georgia, palatino, serif\">The project is an asymmetrical comparison of the Polish rebellion, nationalist re-mobilization, and eventual integration of the subaltern classes, with other revolutionary sequences ending in distinct outcomes. The analysis of ideological landscapes will explain the occurring divergences. I will analyze sources on political languages as newspapers and pamphlets against the backdrop of sources documenting social unrest. Deftly integrating historical sociology, conceptual history and historical discourse analysis, my work addresses the entanglement of structural factors and intellectual transformations in political process in highly interdependent trans-national context.<\/span><\/p>\n<p><span style=\"font-family: georgia, palatino, serif\"><strong>Research team:<\/strong><\/span><\/p>\n<p><span style=\"font-family: georgia, palatino, serif\"><strong>Principal investigator<\/strong>:\u00a0<a href=\"http:\/\/iss.uw.edu.pl\/en\/wiktor-marzec\/\">Wiktor Marzec<\/a><u>, PhD<\/u><\/span><\/p>\n<p><span style=\"font-family: georgia, palatino, serif\">Co-investigator: <a href=\"http:\/\/iss.uw.edu.pl\/en\/risto-turunen\/\">Risto Turunen<\/a>, PhD<br \/>\n<\/span><\/p>\n<p><span style=\"font-family: georgia, palatino, serif\">Associated researcher: <a href=\"http:\/\/www.historia.uni.lodz.pl\/index.php\/dr-marcin-szymanski\">Marcin Szyma\u0144ski, PhD<\/a> \u2013 historian, assistant professor in the Chair of the Contemporary History at the University of Lodz. His interests encompass economic and social history of 20th century Poland, with a focus on industrial etatism and its transformations, and regional history. He is an author of numerous articles and books, among others &#8220;\u0141\u00f3dzka elektrownia i gazownia do 1939 roku&#8221; (2016), &#8220;Polskie piwo. Biografia&#8221; (2018), &#8220;\u0141\u00f3d\u017a na wodach dziej\u00f3w&#8221; (2019), and co-author of &#8220;Wielki przemys\u0142, wielka cisza. \u0141\u00f3dzkie zak\u0142ady przemys\u0142owe 1945-2000&#8221; (2020). He also curates museum exhibitions and works as educator and popularizer of history.<\/span><\/p>\n<p><span style=\"font-family: georgia, palatino, serif\">Team members:<\/span><\/p>\n<p><span style=\"font-family: georgia, palatino, serif\"><a href=\"https:\/\/www.kadykalo.pl\/\">Anna Kadyka\u0142o, PhD<\/a> in Humanities (cultural studies), a graduate of Russian studies at the Jagiellonian University. Leader of the project &#8220;Childhood as a Russian cultural theme in the 20th century&#8221; (Preludium 1, NCN-National Science Centre); the author of a monograph &#8220;Childhood as a Russian cultural theme in the 20th century&#8221; and several dozen scientific publications; a laureate of the START 2015 scholarship (FNP-Foundation For Polish Science ). Sworn translator of\u00a0 Russian language.<\/span><\/p>\n<p><span style=\"font-family: georgia, palatino, serif\">Maria Frolova. 2nd year student of the Master&#8217;s program &#8220;Global and Comparative History&#8221; (National Research University HSE, St. Petersburg). She has worked at the Center for Historical Research of her university, participated in several international conferences and summer schools. She is now studying Polish-Russian relations in the first half of the 20th century.<\/span><\/p>\n<p><span style=\"font-family: georgia, palatino, serif\"><strong>Selected publications related to the project:<\/strong><\/span><\/p>\n<p><span style=\"font-family: georgia, palatino, serif\">Main findings of the project:<\/span><\/p>\n<ul>\n<li><span style=\"font-family: georgia, palatino, serif\">Wiktor Marzec, Risto Turunen,  \u2018<a href=\"https:\/\/www.cambridge.org\/core\/journals\/comparative-studies-in-society-and-history\/article\/parliament-and-revolution-poland-finland-and-the-end-of-empire-in-the-early-twentieth-century\/A6A9515D449A13D814240FFCA5C7577C\">Parliament and Revolution: Poland, Finland and the End of Empire in early 20th century, 1905\u20131918<\/a>,\u2019 <em>Comparative Studies in Society and History <\/em>2024, Vol.66, No. 1, pp. 155-184<\/span><\/li>\n<li><span style=\"font-family: georgia, palatino, serif\">Wiktor Marzec, \u2018<a href=\"https:\/\/www.cambridge.org\/core\/journals\/international-review-of-social-history\/article\/forging-polity-in-times-of-international-class-war-the-parliamentary-rhetoric-on-labour-in-the-first-polish-diet-19191922\/5C873214B7337E8683EC280996F73731\">Forging Polity in Times of International Class War: The Parliamentary Rhetoric on Labor in the First Polish Diet, 1919\u20131922<\/a>,\u2019 <em>International Review of Social History <\/em>2021, Vol. 66, No. 3, pp. 443 \u2013 467<\/span><\/li>\n<li><span style=\"font-family: georgia, palatino, serif\">Wiktor Marzec, \u2018<a href=\"https:\/\/www.cambridge.org\/core\/journals\/international-labor-and-working-class-history\/article\/revolution-that-did-not-happen-labor-insurgency-in-late-russian-poland\/DD525D194CD453D6608A8E017E0ACB8A\">The Revolution That Did Not Happen. Labor Insurgency in Late Russian Poland<\/a>,\u2019 <em>International Labor and Working Class History<\/em>, online first 2024:1-22. doi:10.1017\/S0147547924000152<\/span><\/li>\n<li><span style=\"font-family: georgia, palatino, serif\">Risto Turunen, \u2018<a href=\"https:\/\/www.tandfonline.com\/doi\/full\/10.1080\/13569317.2024.2366812\">Ideologies as conceptual networks: towards a data-intensive approach<\/a>,\u2019 Journal of Political, on-line first 2024: 1-23. <a href=\"https:\/\/doi.org\/10.1080\/13569317.2024.2366812\">https:\/\/doi.org\/10.1080\/13569317.2024.2366812<\/a><\/span><\/li>\n<li><span style=\"font-family: georgia, palatino, serif\">Marcin Szyma\u0144ski, \u2018The archival legacy of the administrative apparatus in the Kingdom of Poland in the period after the Revolution of 1905\u2019 (working title), <em>Zeitschrift f\u00fcr Ostmitteleuropa-Forschung \/ Journal of East Central European Studies<\/em>, under review<\/span><\/li>\n<p><span style=\"font-family: georgia, palatino, serif\">Other journal articles:<\/span><\/p>\n<li><span style=\"font-family: georgia, palatino, serif\">Wiktor Marzec, \u2018<a href=\"https:\/\/www.tandfonline.com\/doi\/abs\/10.1080\/02606755.2022.2137225\">A sub-imperial realm amidst the global parliamentary moment. Legislative imaginations of Russian Poland, 1905-18,<\/a>\u2019 <em>Parliaments, Estates and Representation <\/em>2022, Vol. 42, No. 3, pp. 253-268<\/span><\/li>\n<li><span style=\"font-family: georgia, palatino, serif\">Wiktor Marzec, \u2018<a href=\"https:\/\/www.cambridge.org\/core\/journals\/nationalities-papers\/article\/landed-nation-land-reform-and-ethnic-diversity-in-the-interwar-polish-parliament\/34E7905D82B0C7CF1E372D62CE1C2FDB\">Landed Nation. Land Reform and Ethnic Diversity in the Interwar Polish Parliament,<\/a>\u2019 <em>Nationalities Papers<\/em>, Vol. 51, No. 4, pp. 929-949<\/span><\/li>\n<li><span style=\"font-family: georgia, palatino, serif\">Wiktor Marzec, \u2018<a href=\"https:\/\/onlinelibrary.wiley.com\/doi\/abs\/10.1111\/nana.12765\">One of the Oldest States in Europe Has Never Suppressed Any Nation.\u2019 The Minority Treaty, Nationalist Indignation and the Foundations of Interwar Ethnic Democracy in Poland,<\/a>\u2019 <em>Nations and Nationalism <\/em>2021, No. 27, pp. 1080\u20131096<\/span><\/li>\n<li><span style=\"font-family: georgia, palatino, serif\">Wiktor Marzec, Risto Turunen, \u2018<a href=\"https:\/\/www.berghahnjournals.com\/view\/journals\/contributions\/13\/1\/choc130103.xml\">Social-isms in the Tsarist Borderlands<\/a>. Poland and Finland in a Contrastive Comparison 1830\u20131907,\u2019 <em>Contributions to the History of Concepts 2018<\/em>, Vol. 13, No. 1, pp. 22-50<\/span><\/li>\n<li><span style=\"font-family: georgia, palatino, serif\">Wiktor Marzec, Risto Turunen, <a href=\"https:\/\/www.cairn.info\/revue-cahiers-jaures-2019-4-page-9.htm\">(Im)mobilit\u00e9s des id\u00e9es. Socialismes itin\u00e9rants dans les r\u00e9gions de Pologne et de Finlande de l\u2019empire de Russie<\/a>, <em>Cahiers Jaur\u00e8s <\/em>2019\/4 (N\u00b0 234), 9-34<\/span><\/li>\n<li><span style=\"font-family: georgia, palatino, serif\">Risto Turunen, \u2018<a href=\"https:\/\/pressto.amu.edu.pl\/index.php\/prt\/article\/download\/28317\/25546\/59756\">Making of Modernity in the Vernacular: On the Grassroots Variations of Finnish Socialism in the Early Twentieth Century<\/a>,\u2019 <em>Praktyka Teoretyczna <\/em>2021 (39) 1, pp. 73-94<\/span><\/li>\n<p><span style=\"font-family: georgia, palatino, serif\">Chapters:<\/span><\/p>\n<li><span style=\"font-family: georgia, palatino, serif\">Wiktor Marzec \u2018<a href=\"https:\/\/perspectivia.net\/servlets\/MCRFileNodeServlet\/pnet_derivate_00006655\/marzec-2023-class-nation-revolution-revolutionary-biographies-in-late-russian-poland.pdf\">Class, Nation, Revolution. Revolutionary Biographies in Late Russian Poland<\/a>\u2019, in: <em>Revolutionary Biographies in the 19th and 20th Century: Imperial \u2013 Inter\/national \u2013 Decolonial<\/em>, Nikolaus Katzer, Sandra Dahlke and Denis Sdvizhkov (eds.), Vandenhoeck &amp; Ruprecht, 2023, pp. 37-55.<\/span><\/li>\n<li><span style=\"font-family: georgia, palatino, serif\">Wiktor Marzec \u2018<a href=\"https:\/\/link.springer.com\/chapter\/10.1007\/978-3-031-52819-4_6\">Revolutionary Memory and the Genesis of the State: A Failed \u201cDress Rehearsal\u201d and Changing Scripts in Polish Socialist Movements 1905-1920<\/a>\u2019, in: <em>Memory and Social Movements in Modern and Contemporary History: Remembering Past Struggles and Injustices, Resourcing Protest and Change<\/em>, Stefan Berger and Christian Koller (eds.), Palgrave Macmillan 2024, pp. 107-133.<\/span><\/li>\n<li><span style=\"font-family: georgia, palatino, serif\">\u2018<a href=\"https:\/\/www.routledge.com\/Identities-In-Between-in-East-Central-Europe\/Fellerer-Pyrah-Turda\/p\/book\/9780367244651\">Sublating the hyphens. Internationalist Working Class Militant Biographies, Identity, and Sub-culture in Late Russian Poland<\/a>,\u2019 in: <em>Identities In-Between in East-Central Europe<\/em>, Jan Fellerer, Robert Pyrah, Marius Turda (eds.), Routledge, London-New York 2019<\/span><\/li>\n<li><span style=\"font-family: georgia, palatino, serif\">\u2018<a href=\"https:\/\/www.routledge.com\/Emotions-and-Everyday-Nationalism-in-Modern-European-History\/Stynen-Ginderachter-Seixas\/p\/book\/9781032236476\">Emotional Community of Nationalist Workers. Performing and Remembering Private Nationalism in late Russian Poland<\/a>,\u2019 in: <em>Emotions and Everyday Nationalism in Modern European History<\/em>, eds. Andreas Stynen, Maarten Van Ginderachter and Xos\u00e9 M. N\u00fa\u00f1ez Seixas (eds.), Routledge, London-New York 2020<\/span><\/li>\n<li><span style=\"font-family: georgia, palatino, serif\">\u2018<a href=\"https:\/\/www.wuw.pl\/product-pol-17170-Polskie-nauki-spoleczne-w-kontekscie-relacji-wladzy-i-zaleznosci-miedzynarodowych.html\">Pa\u0144stwo i rewolucja na imperialnym pograniczu. Transformacja rosyjskiej Polski 1905-1921<\/a>,\u2019 in: <em>Polskie nauki spo\u0142ecznie w kontek\u015bcie relacji w\u0142adzy i zale\u017cno\u015bci mi\u0119dzynarodowych<\/em>, Tomasz Zarycki (ed.), Wydawnictwo Uniwersytetu Warszawskiego, Warszawa 2022, pp. 45-76.<\/span><\/li>\n<p>&nbsp;<\/p>","protected":false},"excerpt":{"rendered":"<p>Research project financed by National Science Center (NCN), (OPUS nr 2017\/27\/B\/HS6\/00098), 2018-2022. The Revolution That Did Not Happen. Rebellion and Reaction in the Post-Imperial Borderlands 1905-1921: Poland in Asymmetrical Comparison In Institute for Social Studies I investigate rebellion and reaction in the post-imperial borderlands between 1905 and 1921. Comparing Poland, Finland and other borderland regions of the Russian Empire I ask about revolutions that succeeded, failed or did not happen [&hellip;]<\/p>\n","protected":false},"author":775,"featured_media":0,"parent":0,"menu_order":0,"comment_status":"closed","ping_status":"closed","template":"","meta":{"_links_to":"","_links_to_target":""},"acf":[],"_links":{"self":[{"href":"http:\/\/iss.uw.edu.pl\/en\/wp-json\/wp\/v2\/pages\/9032"}],"collection":[{"href":"http:\/\/iss.uw.edu.pl\/en\/wp-json\/wp\/v2\/pages"}],"about":[{"href":"http:\/\/iss.uw.edu.pl\/en\/wp-json\/wp\/v2\/types\/page"}],"author":[{"embeddable":true,"href":"http:\/\/iss.uw.edu.pl\/en\/wp-json\/wp\/v2\/users\/775"}],"replies":[{"embeddable":true,"href":"http:\/\/iss.uw.edu.pl\/en\/wp-json\/wp\/v2\/comments?post=9032"}],"version-history":[{"count":23,"href":"http:\/\/iss.uw.edu.pl\/en\/wp-json\/wp\/v2\/pages\/9032\/revisions"}],"predecessor-version":[{"id":13679,"href":"http:\/\/iss.uw.edu.pl\/en\/wp-json\/wp\/v2\/pages\/9032\/revisions\/13679"}],"wp:attachment":[{"href":"http:\/\/iss.uw.edu.pl\/en\/wp-json\/wp\/v2\/media?parent=9032"}],"curies":[{"name":"wp","href":"https:\/\/api.w.org\/{rel}","templated":true}]}}