{"id":9047,"date":"2019-05-11T21:21:07","date_gmt":"2019-05-11T19:21:07","guid":{"rendered":"http:\/\/iss.uw.edu.pl\/?page_id=9047"},"modified":"2024-05-10T12:00:44","modified_gmt":"2024-05-10T10:00:44","slug":"andrzej-turkowski","status":"publish","type":"page","link":"http:\/\/iss.uw.edu.pl\/en\/andrzej-turkowski\/","title":{"rendered":"Andrzej Turkowski"},"content":{"rendered":"<p><div class=\"su-box su-box-style-soft\" id=\"\" style=\"border-color:#000000;border-radius:3px\"><div class=\"su-box-title\" style=\"background-color:#333333;color:#FFFFFF;border-top-left-radius:1px;border-top-right-radius:1px\">Andrzej Turkowski, Ph.D.<\/div><div class=\"su-box-content su-u-clearfix su-u-trim\" style=\"border-bottom-left-radius:1px;border-bottom-right-radius:1px\"><\/p>\n<p><img loading=\"lazy\" class=\" wp-image-11602\" src=\"http:\/\/iss.uw.edu.pl\/wp-content\/uploads\/sites\/286\/2023\/03\/P5131526_edited-1-300x300.jpg\" alt=\"\" width=\"248\" height=\"248\" srcset=\"http:\/\/iss.uw.edu.pl\/wp-content\/uploads\/sites\/286\/2023\/03\/P5131526_edited-1-300x300.jpg 300w, http:\/\/iss.uw.edu.pl\/wp-content\/uploads\/sites\/286\/2023\/03\/P5131526_edited-1-1024x1024.jpg 1024w, http:\/\/iss.uw.edu.pl\/wp-content\/uploads\/sites\/286\/2023\/03\/P5131526_edited-1-150x150.jpg 150w, http:\/\/iss.uw.edu.pl\/wp-content\/uploads\/sites\/286\/2023\/03\/P5131526_edited-1-768x768.jpg 768w, http:\/\/iss.uw.edu.pl\/wp-content\/uploads\/sites\/286\/2023\/03\/P5131526_edited-1-1536x1536.jpg 1536w, http:\/\/iss.uw.edu.pl\/wp-content\/uploads\/sites\/286\/2023\/03\/P5131526_edited-1-2048x2048.jpg 2048w\" sizes=\"(max-width: 248px) 100vw, 248px\" \/><\/p>\n<h6>POSITION<\/h6>\n<p>2021 &#8211; Assistant Professor at <a href=\"http:\/\/iss.uw.edu.pl\/en\/osrodek-badan-socjologicznych\/\">Center for Sociological Research<\/a><\/p>\n<h6>RESEARCH INTERESTS<\/h6>\n<p>elites studies, sociology of science, sociology of knowledge, Bourdieu\u2019s field analysis, world-system analysis, social class, inequalities and relations of power in CEE<\/p>\n<p><a href=\"mailto:andrzej.turkowski@uw.edu.pl\">andrzej.turkowski@uw.edu.pl<\/a><\/p>\n<a href=\"https:\/\/uw.academia.edu\/ATurkowski\" class=\"su-button su-button-style-default\" style=\"color:#FFFFFF;background-color:#2D89EF;border-color:#246ec0;border-radius:5px;-moz-border-radius:5px;-webkit-border-radius:5px\" target=\"__blank\"><span style=\"color:#FFFFFF;padding:0px 16px;font-size:13px;line-height:26px;border-color:#6cadf4;border-radius:5px;-moz-border-radius:5px;-webkit-border-radius:5px;text-shadow:none;-moz-text-shadow:none;-webkit-text-shadow:none\"> uw.academia.edu<\/span><\/a>\n<p><\/div><\/div><\/p>\n<p><strong>EDUCATION<\/strong><\/p>\n<ul>\n<li>2014\u2013\u201919 \u2022 PhD \u2022 Sociology \u2022 University of Warsaw<\/li>\n<li>2016 \u2022 Summer School \u201cPolitical Constructions of Europe New Historical and Sociological Approaches,\u201d Universit\u00e9 Paris 1-Sorbonne\/Ehess, University of Strasbourg<\/li>\n<li>2016 \u2022 Summer School \u201cCultural Memory of Europe: East and West&#8221;, S\u00f6dert\u00f6rn University<\/li>\n<li>2005\u2013\u201911 \u2022 M.A. \u2022 International Relations \u2022 University of Warsaw<\/li>\n<\/ul>\n<p><strong>RESEARCH PROJECTS<\/strong><\/p>\n<ul>\n<li>2021\u2013 \u2022 principal Investigator \u2022 National Science Center (Poland) \u2022\u00a0 \u201cThe Polish executive: social background, careers and resources of its members. A contribution to the sociology of the Polish field of power (1988-2020)\u201d (695 400 PLN)<\/li>\n<li>2018\u2013\u201920 \u2022 principal Investigator \u2022 National Science Center (Poland) \u2022 \u201cAnalysis of debates on the Polish-Russian relations from the perspective of Pierre Bourdieu\u2019s field analysis\u201d (72 236 PLN)<\/li>\n<li>2019 \u2022 project leader \u2022 The Polish-German Foundation for Academic Cooperation \u2022 \u201cEncounters with the West that brought change. An analysis of academic mobility programs between Germany and Eastern Europe during the Cold War\u201d (1 760 EUR)<\/li>\n<li>2017\u2013\u201920 \u2022 team member \u2022\u00a0 National Science Center (Poland) \u2022 Sociological theory of meaning: the field of power and social sciences in processes of semiosis \u2022 Principal Investigator: prof. T. Zarycki<\/li>\n<li>2017,\u201918,\u201920 \u2022 Internal grants at the University of Warsaw (DSM for Ph.D. students and young scholars; microgrant IDUB)<\/li>\n<\/ul>\n<p><strong>VISITING APPOINTMENTS<\/strong><\/p>\n<ul>\n<li>2022 \u2022 visiting scholar, Centre europ\u00e9en de sociologie et de science politique, de l\u2019Universit\u00e9 Paris-Panth\u00e9on-Sorbonne, du CNRS, et de l\u2019EHESS, Paris (3 months)<\/li>\n<li>2020 \u2022 visiting scholar, SAGE (Soci\u00e9t\u00e9s, Acteurs, Gouvernement en Europe), University of Strasbourg,\u00a0 Strasbourg (3 months)<\/li>\n<li>2019 \u2022 visiting scholar, Russian and East European Studies Dept., Charles University, Prague (1 month)<\/li>\n<li>2018 \u2022 visiting scholar, Higher School of Economics, Moscow (1 month)<\/li>\n<li>2018 \u2022 visiting researcher, Polish Studies Center, Indiana University, Bloomington, IN (6 months)<\/li>\n<li>2017 \u2022 visiting researcher, Weiser Center for Europe and Eurasia, University of Michigan, Ann Arbor, MI (2 months)<\/li>\n<li>2017 \u2022 visiting researcher, Corvinus University, Budapest (1 month)<\/li>\n<li>2016\u2013\u201917 \u2022 non-degree PhD student, Central European University, Budapest (6 months)<\/li>\n<\/ul>\n<p><strong>OTHER ACADEMIC AND PROFESSIONAL EXPERIENCE<\/strong><\/p>\n<ul>\n<li>2021\u2013 \u2022 ad hoc reviewer, \u201cStudia Socjologiczno-Polityczne,\u201d \u201cStan Rzeczy\u201d<\/li>\n<li>2019\u2013 \u2022 consultant\u00a0 and contributing author,\u00a0 \u201cThe KARTA Center\u201d<\/li>\n<li>2022 \u2022 panel organizer, \u201cNew Perspective on Elite\u2019s Change and (Re)production: Insights from a Study of Members of Governments in Poland after 1989,\u201d\u00a0 Association for Slavic, East European and Eurasian Studies<\/li>\n<li>2022 \u2022 workshop co-organizer (with Dr Valentin Behr), \u201cElite studies and prosopographical databases\u201d, University of\u00a0 Warsaw<\/li>\n<li>2021 \u2022 summer school organizer, \u201cOnline Summer School \u2013 Studying Elites: Case Studies and Methods,\u201d University of Warsaw<\/li>\n<li>2019\u2013\u201922 \u2022 team member, \u201cSocial space, fields and relationality in social research \u2013 contemporary and historical. Research network\u201d academic mobility project funded by Polish National Agency for Academic Exchange<\/li>\n<li>2018\u2013\u201921 \u2022 editorial assistant, \u201cKultura i rozw\u00f3j\u201d<\/li>\n<\/ul>\n<p><strong>FELLOWSHIPS\/AWARDS<\/strong><\/p>\n<ul>\n<li>2019 \u2022 postdoctoral short-term fellowship in frame of the 4EU+ Alliance (Charles University in Prague)<\/li>\n<li>2018 \u2022 scholarship for research visit in frame of the bilateral program of University of Warsaw and Indiana University<\/li>\n<li>2017 \u2022 scholarship for research visit\u00a0 from the Weiser Center for Europe and Eurasia and Institute for Social Research, University of Michigan<\/li>\n<li>2014\u2013\u201919 \u2022 scholarships for best PhD candidates at University of Warsaw<\/li>\n<li>2017 \u2022 scholarship for short-term researach visit from the Government of Hungary (Corvinus University)<\/li>\n<li>2016 \u2022 scholarship for research stay in frame of Visegrad Scholarship Program (Central European University)<\/li>\n<li>2013 \u2022 honorable mention in the Open Competition for Students\u2019 and Doctoral Papers \u201cAktualna Nauka\u201d organised by Polish Institute in Saint Petersburg and Institute of Russian History, Russian Academy of Sciences<\/li>\n<\/ul>\n<p><strong>TEACHING EXPERIENCE<\/strong><\/p>\n<ul>\n<li>2022,2023 \u2022 seminar for undergraduate students \u201dIntroduction to Social Class and Social Mobility,\u201d\u00a0 American Studies Center of the University of Warsaw<\/li>\n<\/ul>\n<p><strong>PUBLICATIONS<\/strong><\/p>\n<p><strong>Books<\/strong><\/p>\n<ul>\n<li>2021 \u2022\u00a0<em>Lobby\u015bci. Zachodni rzecznicy polskiej niepodleg\u0142o\u015bci<\/em> [The Lobbyists. Western Advocates of Polish independence] (vol. I and II), (ed.), Warszawa: O\u015brodek \u201cKARTA\u201d.<\/li>\n<li>2020 \u2022\u00a0<em>Zmagania na peryferiach. Elity III RP o Rosji<\/em> [Struggles on the Periphery. Elites of Third Polish Republic on Russia], Warszawa: Wydawnictwo Scholar.<\/li>\n<\/ul>\n<p><strong>Book chapters<\/strong><\/p>\n<ul>\n<li>2022 \u2022\u00a0<em>Od paradygmatu zale\u017cno\u015bci do neoliberalizmu. Niedostrze\u017cona rewolucja w polskim polu nauk spo\u0142ecznych<\/em> [From the Dependency Paradigm to Neoliberalism. An Overlooked Revolution in the Polish Social Sciences], [in:] T. Zarycki (ed.) \u201cPolskie nauki spo\u0142eczne w konteks\u0301cie relacji w\u0142adzy i zalez\u0307nos\u0301ci mie\u0328dzynarodowych\u201d, Warszawa: WUW (with T. Zarycki).<\/li>\n<li>2021 \u2022\u00a0<em>Perspektywa centrum-peryferie w analizie dyskursu polskiej polityki wobec Rosji<\/em> [Center-periphery Perspective in the Analysis of the Discourse of Polish Policy Towards Russia], [in:] T. Zarycki (ed.) \u201cPolska jako peryferie\u201d, Warszawa: Wydawnictwo Scholar.<\/li>\n<\/ul>\n<p><strong>Journal articles<\/strong><\/p>\n<ul>\n<li>2023 \u2022\u00a0<em>Making new \u2018Solidarities\u2019: The Polish intelligentsia and the lasting legacy of the historical social movement<\/em>, \u201cIntersections. East European Journal of Society and Politics,\u201d [accepted for publication] (with G. Walczak).<\/li>\n<li>2023 \u2022\u00a0<em>From Wallerstein to Rothschild: The Sudden Disappearance of the Polish School of Dependency Theory After 1989 as a Manifestation of Deeper Trans-formations in the Global Field of Social Science<\/em>, \u201cJournal of World-Systems Research,\u201d\u00a0 [accepted for publication] (with T. Zarycki).<\/li>\n<li>2021 \u2022\u00a0<em>A Return to Prometheanism: The Space of Opinion on Polish-Russian Relations in Post-communist Poland<\/em>, \u201cEurope-Asia Studies,\u201d published online: 21 Apr 2022.<\/li>\n<li>2021 \u2022\u00a0<em>Studium marginalizacji \u2013 Andrzej Drawicz w polskiej przestrzeni opinii o Rosji<\/em> [A study of marginalization &#8211; Andrzej Drawicz in the Polish space of opinion on Russia], \u201cKultura i Spo\u0142ecze\u0144stwo,\u201d 65(2), 43-62.<\/li>\n<li>2019 \u2022\u00a0<em>Polish Intelligentsia Totems in Elites\u2019 Struggles for Legitimization: The Case of Jerzy Giedroyc and Poland\u2019s Eastern Policy<\/em>, \u201cEast European Politics and Societies,\u201d 33(1), 66-88.<\/li>\n<li>2016 \u2022\u00a0<em>Polityka zagraniczna Polski w perspektywie podej\u015bcia systemu \u015bwiatowego<\/em> [Poland\u2019s foreign policy in the perspective of the world-systems approach], \u201cStudia Polityczne,\u201d 42(2), 193-206.<\/li>\n<li>2012 \u2022\u00a0<em>Russia\u2019s Foreign Policy after the Presidential Elections: Prospects for Cooperation with the West<\/em>, \u201cThe Polish Quarterly of International Affairs,\u201d 3\/2012, 72-86. (with J. \u0106wiek-Karpowicz).<\/li>\n<\/ul>\n<p><strong>Book reviews<\/strong><\/p>\n<ul>\n<li>2021 \u2022\u00a0<em>Inteligent przybrany i odrzucony \u2014 refleksje na kanwie ksi\u0105\u017cki Micha\u0142a Przeperskiego Mieczys\u0142aw F. Rakowski. <\/em><em>Biografia polityczna<\/em> [The foster and rejected intelligentsia member \u2013 reflections on the basis of Micha\u0142 Przeperski\u2019s book: Mieczys\u0142aw F. Rakowski. A Political Biography],\u00a0 \u201cKultura i Spo\u0142ecze\u0144stwo,\u201d 4, 2021.<\/li>\n<li>2019 \u2022<em> Nauka w s\u0142u\u017cbie polityki wschodniej<\/em> [Science in the service of Eastern policy], (P. Kowal, \u201cTestament Prometeusza\u201d [Prometheus\u2019 testament]), \u201cRes Publica Nowa,\u201d 1,2019.<\/li>\n<li>2019 \u2022 <em>The Discreet (and Long-Lasting) Charm of the Polish Nobility<\/em>, (R. Smoczy\u0144ski,T. Zarycki, \u201cTotem nteligencki. Arystokracja, szlachta i ziemia\u0144stwo w polskiej przestrzeni spo\u0142ecznej\u201d [Intelligentsia totem. Aristocracy, nobility and landed gentry in the Polish social space]), \u201cActa Universitatis Sapientiae, Social Analysis,\u201d 9(1).<\/li>\n<li>2018 \u2022\u00a0<em>Ci\u0105g\u0142o\u015b\u0107 zamiast zmiany: z historii reformowania systemu szkolnictwa wy\u017cszego w Polsce<\/em> [Continuity instead of change: from the history of reforming the higher education system in Poland], (A. Zysiak, \u201cPunkty za pochodzenie: powojenna modernizacja i uniwersytet w robotniczym mie\u015bcie\u201d [Points for Class Origin: Postwar Modernization and the University in the Working-Class City of Lodz]), \u201cKultura i Spo\u0142ecze\u0144stwo,\u201d 3.<\/li>\n<\/ul>\n<p><strong>Expert analysis<\/strong><\/p>\n<ul>\n<li>2013 \u2022 The Role of Tactical Nuclear Weapons in Russia\u2019s Military Posture, \u201cBulletin PISM no. 12 (465)\u201c, Polish Institute of International Affairs<\/li>\n<li>2013 \u2022 Russia\u2019s International Climate Policy, \u201cPISM Policy Paper no. 27\u201c Polish Institute of International Affairs<\/li>\n<li>2012 \u2022 Russia\u2019s Accession to the World Trade Organisation, \u201cBulletin PISM no. 68 (401),\u201c Polish Institute of International Affairs (with J. \u0106wiek-Karpowicz)<\/li>\n<li>2011 \u2022 Poland\u2019s EU Presidency in the Shadow of Eurozone Crisis, Carnegie Moscow Center<\/li>\n<li>2011 \u2022 The Polish-German Tandem, Carnegie Moscow Center<\/li>\n<\/ul>\n<p><strong>Conferences and seminars<\/strong><\/p>\n<ul>\n<li>2022 \u2022 <em>New Perspective on Elite\u2019s Change and (Re)production: Insights from a Study of Members of Governments in Poland after 1989,<\/em> Association for Slavic, East European, and Eurasian Studies, Chicago, 10-13 November, 2022.<\/li>\n<li>2022 \u2022 <em>Od Wallerstein\u2019a do Rothschild\u2019a: Nag\u0142y zanik polskiej szko\u0142y teorii zale\u017cno\u015bci po 1989 r. jako przejaw g\u0142\u0119bszych przemian w globalnym polu nauk spo\u0142ecznych<\/em>, XVIII Zjazd Socjologiczny [Polish Sociological Congress], Warsaw, 14-17 September 2022.<\/li>\n<li>2022 \u2022 <em>The Polish Executive: Social Background, Careers and Resources of its Members, New Challenges in Field Theory Conference,<\/em>\u00a0University of Strasbourg, 9-10 June 2022.<\/li>\n<li>2021 \u2022 <em>The Inconveniences of Putting on \u201cWestern Suits\u201d: Europeanization at the EU\u2019s Peripheries and the Case of Poland\u2019s Eastern Policy<\/em>, ECPR Joint Sessions Virtual Event, 17 \u2013 28 May 2021.<\/li>\n<li>2021 \u2022 <em>Is There a \u201cPopulist\u201d Ruling Elite? Insights from Poland, The annual conference of the Association for the Study of Nationalities,<\/em> 5-8 May, 2021 (on Zoom) (co-authored with Valentin Behr).<\/li>\n<li>2020 \u2022 <em>Social Topography of Public Debates: The Polish Space of Opinion on Russia<\/em>, S\u00e9minaire G\u00e9n\u00e9ral de SAGE, University of Strasburg, 11 December 2020.<\/li>\n<li>2019 \u2022 <em>Dem Westen begegnen und f\u00fcr Wandel sorgen. Akademische Mobilit\u00e4tsprogramme zwischen der Bundesrepublik und dem \u00f6stlichen Europa in der Zeit des Kalten Krieges Vortrag,<\/em> ZIP- Forschungskolloquium an der Europa-Universit\u00e4t Viadrina, Frankfurt (Oder), 7 November 2019.<\/li>\n<li>2019 \u2022 <em>The Polish Space of Opinion on Russia: Origins and Structures, Poland 1989: Negotiations, (Re)Constructions, Interpretations<\/em>, Aleksander-Br\u00fcckner-Zentrum f\u00fcr Polenstudien, Halle 23-25 October 2019; also presented at:<\/li>\n<li>2019 \u2022 17. Og\u00f3lnopolski Zjazd Socjologiczny [17th Polish Sociological Congress], Wroc\u0142aw, 11-14 2019.<\/li>\n<li>2019 \u2022 14th European Sociological Association Conference, Manchester, 20-23 August 2019.<\/li>\n<li>2018 \u2022 Polish Studies Center\u2019s Seminar, Indiana University, Bloomington, 12 October 2018.<\/li>\n<li>2019<em> \u2022 Polish Space of Opinion on Russia and Eastern Policy, 4th Annual Tartu Conference on Russian and East European Studies<\/em>, Tartu, 9\u201311 June 2019.<\/li>\n<li>2018 \u2022\u00a0<em>Illiberal or ani-core? Poland\u2019s conservative camp\u2019s discourses on foreign policy from the core-periphery perspective<\/em>, ISA Midwest Annual Conference, St. Louis, Missouri, 16 &#8211; 17 November 2018.<\/li>\n<li>2018 \u2022\u00a0<em>Polish Intelligentsia Totems in Elites\u2019 Struggles for Legitimization: The Case of Jerzy Giedroyc<\/em>, The 2018 Central Slavic Conference, St. Louis, Missouri, 19-21 October 2018.<\/li>\n<li>2018 \u2022\u00a0<em>The Polish space of opinion on Russia and Eastern policy\u00a0 theoretical assumptions and initial results<\/em>, seminar in at the Leibniz-Institut f\u00fcr Ost- und S\u00fcdosteuropaforschung, Regensburg, 15 February 2018.<\/li>\n<li>2016 \u2022\u00a0<em>Revisiting Polish-Russian Relations from the World-Systems Perspective<\/em>, First Annual Tartu Conference on Russian and East European Studies, Tartu, 12-14 June, 2016.<\/li>\n<\/ul>\n<p><\/p>","protected":false},"excerpt":{"rendered":"<p>EDUCATION 2014\u2013\u201919 \u2022 PhD \u2022 Sociology \u2022 University of Warsaw 2016 \u2022 Summer School \u201cPolitical Constructions of Europe New Historical and Sociological Approaches,\u201d Universit\u00e9 Paris 1-Sorbonne\/Ehess, University of Strasbourg 2016 \u2022 Summer School \u201cCultural Memory of Europe: East and West&#8221;, S\u00f6dert\u00f6rn University 2005\u2013\u201911 \u2022 M.A. \u2022 International Relations \u2022 University of Warsaw RESEARCH PROJECTS 2021\u2013 \u2022 principal Investigator \u2022 National Science Center (Poland) \u2022\u00a0 \u201cThe Polish executive: social background, careers [&hellip;]<\/p>\n","protected":false},"author":775,"featured_media":0,"parent":0,"menu_order":0,"comment_status":"closed","ping_status":"closed","template":"","meta":{"_links_to":"","_links_to_target":""},"acf":[],"_links":{"self":[{"href":"http:\/\/iss.uw.edu.pl\/en\/wp-json\/wp\/v2\/pages\/9047"}],"collection":[{"href":"http:\/\/iss.uw.edu.pl\/en\/wp-json\/wp\/v2\/pages"}],"about":[{"href":"http:\/\/iss.uw.edu.pl\/en\/wp-json\/wp\/v2\/types\/page"}],"author":[{"embeddable":true,"href":"http:\/\/iss.uw.edu.pl\/en\/wp-json\/wp\/v2\/users\/775"}],"replies":[{"embeddable":true,"href":"http:\/\/iss.uw.edu.pl\/en\/wp-json\/wp\/v2\/comments?post=9047"}],"version-history":[{"count":28,"href":"http:\/\/iss.uw.edu.pl\/en\/wp-json\/wp\/v2\/pages\/9047\/revisions"}],"predecessor-version":[{"id":12337,"href":"http:\/\/iss.uw.edu.pl\/en\/wp-json\/wp\/v2\/pages\/9047\/revisions\/12337"}],"wp:attachment":[{"href":"http:\/\/iss.uw.edu.pl\/en\/wp-json\/wp\/v2\/media?parent=9047"}],"curies":[{"name":"wp","href":"https:\/\/api.w.org\/{rel}","templated":true}]}}