{"id":92,"date":"2017-12-19T10:45:28","date_gmt":"2017-12-19T09:45:28","guid":{"rendered":"http:\/\/iss.strony.uw.edu.pl\/?page_id=92"},"modified":"2019-01-14T11:11:35","modified_gmt":"2019-01-14T10:11:35","slug":"inter-university-consortium-for-political-and-social-research","status":"publish","type":"page","link":"http:\/\/iss.uw.edu.pl\/en\/inter-university-consortium-for-political-and-social-research\/","title":{"rendered":"Inter-university Consortium for Political and Social Research"},"content":{"rendered":"<p>ICPSR jest organizacj\u0105 powsta\u0142\u0105 w 1962 w celu gromadzenia i udost\u0119pniania danych z dziedziny nauk spo\u0142ecznych. Dane archiwizowane przez ICPSR obejmuj\u0105 szeroki zakres poddyscyplin z zakresu nauk spo\u0142ecznych w\u015br\u00f3d kt\u00f3rych wymieni\u0107 mo\u017cna socjologi\u0119, demografi\u0119, nauki polityczne, kryminologi\u0119, ekonomi\u0119, badania nad systemem szkolnictwa, zagadnieniami zwi\u0105zanymi ze starzeniem si\u0119, zdrowiem publicznym, polityk\u0105 zagraniczn\u0105 i systemem prawnym.<br \/>\nCz\u0142onkiem ICPSR jest obecnie oko\u0142o 325 plac\u00f3wek edukacyjnych (college&#8217;\u00f3w i uniwersytet\u00f3w) w Ameryce P\u00f3\u0142nocnej. W 16 krajach (w tym tak\u017ce w Polsce) ulokowane zosta\u0142y przedstawicielstwa krajowe, kt\u00f3rych zadaniem jest umo\u017cliwianie dost\u0119pu do danych zgromadzonych w archiwum zainteresowanym osobom b\u0105d\u017a instytucjom.<\/p>\n<h5>Dost\u0119p do danych i materia\u0142\u00f3w archiwum ICPSR<\/h5>\n<p>Instytut Studi\u00f3w Spo\u0142ecznych UW, jako krajowy przedstawiciel ICPSR, zach\u0119ca do korzystania z danych zgromadzonych w archiwum.<br \/>\nDost\u0119p do zbior\u00f3w danych mo\u017cna uzyska\u0107:<\/p>\n<ul>\n<li>za po\u015brednictwem Instytutu Studi\u00f3w Spo\u0142ecznych UW: Warszawa, ul. Stawki 5\/7, pok\u00f3j 416, tel. (0-22)8315153<\/li>\n<li>przez anonimowy serwer FTP (ftp:\/\/ftp.icpsr.umich.edu\/pub\/FastTrack) &#8211; jedynie wybrane zbiory<\/li>\n<\/ul>\n<p>Przeszukiwania danych zgromadzonych w archiwum ICPSR mo\u017cna dokona\u0107 za po\u015brednictwem strony http:\/\/www.icpsr.umich.edu\/search-basic.html Strona ta zaopatrzona jest w \u0142atwe w obs\u0142udze narz\u0119dzie umo\u017cliwiaj\u0105ce odnalezienie poszukiwanego zbioru danych wed\u0142ug tytu\u0142u badania, nazwiska kierownika projektu albo s\u0142\u00f3w kluczowych wyst\u0119puj\u0105cych w streszczeniu opisu badania. Dodatkowo wszystkie zbiory uporz\u0105dkowane zosta\u0142y w osiemna\u015bcie grup tematycznych wed\u0142ug przedmiotu badania, co tak\u017ce mo\u017ce by\u0107 pomocne podczas wyszukiwania.<br \/>\nCz\u0119\u015b\u0107 zbior\u00f3w znajduje si\u0119 r\u00f3wnie\u017c na p\u0142ytach CD-ROM bezpo\u015brednio w Instytucie Studi\u00f3w Spo\u0142ecznych.<br \/>\nInstytut Studi\u00f3w Spo\u0142ecznych dysponuje r\u00f3wnie\u017c corocznie uaktualnianymi katalogami zawieraj\u0105cymi indeksy i opisy u\u0142atwiaj\u0105ce dotarcie do poszukiwanych zbior\u00f3w danych.<\/p>\n<p>Dane dost\u0119pne s\u0105 w postaci zbior\u00f3w ASCII i programu definiuj\u0105cego dane dla pakiet\u00f3w SPSS i SAS. ICPSR dostarcza tak\u017ce ksi\u0105\u017cki kod\u00f3w do zamawianych zbior\u00f3w danych.<\/p>\n<p><a href=\"http:\/\/iss.uw.edu.pl\/25-years-of-scholarly-exchange-with-university-of-michigan\/\"> 25 years of scholarly exchange with University of Michigan<\/a><\/p>\n<p>Szczeg\u00f3\u0142owych informacji o sposobie zamawiania i przekazywania danych indywidualnym osobom b\u0105d\u017a instytucjom na terenie Polski mo\u017cna uzyska\u0107 pod adresem<\/p>\n<p>Marcin Zieli\u0144ski<br \/>\nPolski Reprezentant ICPSR<br \/>\nInstytut Studi\u00f3w Spo\u0142ecznych Uniwersytet Warszawski<br \/>\nul. Stawki 5\/7, 00-183 Warszawa<\/p>\n<p><a href=\"mailto:marcin.zielinski@uw.edu.pl\">marcin.zielinski@uw.edu.pl<\/a><\/p>\n<p>ISS UW ponosi koszty zwi\u0105zane z cz\u0142onkostwem w ICPSR i krajow\u0105 dystrybucj\u0105 danych. W zwi\u0105zku z tym osoby b\u0105d\u017a instytucje uzyskuj\u0105ce zbiory danych za po\u015brednictwem Instytutu Studi\u00f3w Spo\u0142ecznych b\u0119d\u0105 obci\u0105\u017cani cz\u0119\u015bci\u0105 koszt\u00f3w. Dodatkowych informacji udziela Polski Reprezentant ICPSR.<\/p>\n","protected":false},"excerpt":{"rendered":"<p>ICPSR jest organizacj\u0105 powsta\u0142\u0105 w 1962 w celu gromadzenia i udost\u0119pniania danych z dziedziny nauk spo\u0142ecznych. Dane archiwizowane przez ICPSR obejmuj\u0105 szeroki zakres poddyscyplin z zakresu nauk spo\u0142ecznych w\u015br\u00f3d kt\u00f3rych wymieni\u0107 mo\u017cna socjologi\u0119, demografi\u0119, nauki polityczne, kryminologi\u0119, ekonomi\u0119, badania nad systemem szkolnictwa, zagadnieniami zwi\u0105zanymi ze starzeniem si\u0119, zdrowiem publicznym, polityk\u0105 zagraniczn\u0105 i systemem prawnym. Cz\u0142onkiem ICPSR jest obecnie oko\u0142o 325 plac\u00f3wek edukacyjnych (college&#8217;\u00f3w i uniwersytet\u00f3w) w Ameryce P\u00f3\u0142nocnej. W 16 [&hellip;]<\/p>\n","protected":false},"author":761,"featured_media":0,"parent":0,"menu_order":0,"comment_status":"closed","ping_status":"closed","template":"","meta":{"_links_to":"","_links_to_target":""},"acf":[],"_links":{"self":[{"href":"http:\/\/iss.uw.edu.pl\/en\/wp-json\/wp\/v2\/pages\/92"}],"collection":[{"href":"http:\/\/iss.uw.edu.pl\/en\/wp-json\/wp\/v2\/pages"}],"about":[{"href":"http:\/\/iss.uw.edu.pl\/en\/wp-json\/wp\/v2\/types\/page"}],"author":[{"embeddable":true,"href":"http:\/\/iss.uw.edu.pl\/en\/wp-json\/wp\/v2\/users\/761"}],"replies":[{"embeddable":true,"href":"http:\/\/iss.uw.edu.pl\/en\/wp-json\/wp\/v2\/comments?post=92"}],"version-history":[{"count":3,"href":"http:\/\/iss.uw.edu.pl\/en\/wp-json\/wp\/v2\/pages\/92\/revisions"}],"predecessor-version":[{"id":8900,"href":"http:\/\/iss.uw.edu.pl\/en\/wp-json\/wp\/v2\/pages\/92\/revisions\/8900"}],"wp:attachment":[{"href":"http:\/\/iss.uw.edu.pl\/en\/wp-json\/wp\/v2\/media?parent=92"}],"curies":[{"name":"wp","href":"https:\/\/api.w.org\/{rel}","templated":true}]}}